{"id":1055,"date":"2023-09-05T21:50:46","date_gmt":"2023-09-06T09:43:30","guid":{"rendered":"https:\/\/yourtravelxperts.com\/?post_type=product&#038;p=1055"},"modified":"2023-09-06T09:57:48","modified_gmt":"2023-09-06T09:57:48","slug":"4-tour-de-la-nasa","status":"publish","type":"product","link":"https:\/\/yourtravelxperts.com\/es\/producto\/4-tour-de-la-nasa\/","title":{"rendered":"4 TOUR DE LA NASA"},"content":{"rendered":"","protected":false},"excerpt":{"rendered":"<p>Para su comodidad y para brindarle un mejor servicio, incluya su n\u00famero de tel\u00e9fono, el d\u00eda del recorrido deseado y su hotel en la secci\u00f3n de comentarios.<\/p>\n","protected":false},"featured_media":1033,"comment_status":"open","ping_status":"closed","template":"","meta":[],"product_brand":[],"product_cat":[28],"product_tag":[],"class_list":{"0":"post-1055","1":"product","2":"type-product","3":"status-publish","4":"has-post-thumbnail","6":"product_cat-uncategorized-es","8":"first","9":"instock","10":"shipping-taxable","11":"purchasable","12":"product-type-phive_booking"},"yoast_head":"<!-- This site is optimized with the Yoast SEO plugin v27.4 - https:\/\/yoast.com\/product\/yoast-seo-wordpress\/ -->\n<title>4 TOUR DE LA NASA - Travel Xperts<\/title>\n<meta name=\"robots\" content=\"index, follow, max-snippet:-1, max-image-preview:large, max-video-preview:-1\" \/>\n<link rel=\"canonical\" href=\"https:\/\/yourtravelxperts.com\/es\/producto\/4-tour-de-la-nasa\/\" \/>\n<meta property=\"og:locale\" content=\"es_ES\" \/>\n<meta property=\"og:type\" content=\"article\" \/>\n<meta property=\"og:title\" content=\"4 TOUR DE LA NASA - Travel Xperts\" \/>\n<meta property=\"og:description\" content=\"Para su comodidad y para brindarle un mejor servicio, incluya su n\u00famero de tel\u00e9fono, el d\u00eda del recorrido deseado y su hotel en la secci\u00f3n de comentarios.\" \/>\n<meta property=\"og:url\" content=\"https:\/\/yourtravelxperts.com\/es\/producto\/4-tour-de-la-nasa\/\" \/>\n<meta property=\"og:site_name\" content=\"Travel Xperts\" \/>\n<meta property=\"article:publisher\" content=\"https:\/\/www.facebook.com\/travelxpertsTX\/\" \/>\n<meta property=\"article:modified_time\" content=\"2023-09-06T09:57:48+00:00\" \/>\n<meta property=\"og:image\" content=\"https:\/\/yourtravelxperts.com\/wp-content\/uploads\/2023\/09\/146.jpg\" \/>\n\t<meta property=\"og:image:width\" content=\"798\" \/>\n\t<meta property=\"og:image:height\" content=\"530\" \/>\n\t<meta property=\"og:image:type\" content=\"image\/jpeg\" \/>\n<meta name=\"twitter:card\" content=\"summary_large_image\" \/>\n<script type=\"application\/ld+json\" class=\"yoast-schema-graph\">{\"@context\":\"https:\\\/\\\/schema.org\",\"@graph\":[{\"@type\":\"WebPage\",\"@id\":\"https:\\\/\\\/yourtravelxperts.com\\\/es\\\/producto\\\/4-tour-de-la-nasa\\\/\",\"url\":\"https:\\\/\\\/yourtravelxperts.com\\\/es\\\/producto\\\/4-tour-de-la-nasa\\\/\",\"name\":\"4 TOUR DE LA NASA - Travel Xperts\",\"isPartOf\":{\"@id\":\"https:\\\/\\\/yourtravelxperts.com\\\/#website\"},\"primaryImageOfPage\":{\"@id\":\"https:\\\/\\\/yourtravelxperts.com\\\/es\\\/producto\\\/4-tour-de-la-nasa\\\/#primaryimage\"},\"image\":{\"@id\":\"https:\\\/\\\/yourtravelxperts.com\\\/es\\\/producto\\\/4-tour-de-la-nasa\\\/#primaryimage\"},\"thumbnailUrl\":\"https:\\\/\\\/yourtravelxperts.com\\\/wp-content\\\/uploads\\\/2023\\\/09\\\/146.jpg\",\"datePublished\":\"2023-09-06T09:43:30+00:00\",\"dateModified\":\"2023-09-06T09:57:48+00:00\",\"breadcrumb\":{\"@id\":\"https:\\\/\\\/yourtravelxperts.com\\\/es\\\/producto\\\/4-tour-de-la-nasa\\\/#breadcrumb\"},\"inLanguage\":\"es\",\"potentialAction\":[{\"@type\":\"ReadAction\",\"target\":[\"https:\\\/\\\/yourtravelxperts.com\\\/es\\\/producto\\\/4-tour-de-la-nasa\\\/\"]}]},{\"@type\":\"ImageObject\",\"inLanguage\":\"es\",\"@id\":\"https:\\\/\\\/yourtravelxperts.com\\\/es\\\/producto\\\/4-tour-de-la-nasa\\\/#primaryimage\",\"url\":\"https:\\\/\\\/yourtravelxperts.com\\\/wp-content\\\/uploads\\\/2023\\\/09\\\/146.jpg\",\"contentUrl\":\"https:\\\/\\\/yourtravelxperts.com\\\/wp-content\\\/uploads\\\/2023\\\/09\\\/146.jpg\",\"width\":798,\"height\":530},{\"@type\":\"BreadcrumbList\",\"@id\":\"https:\\\/\\\/yourtravelxperts.com\\\/es\\\/producto\\\/4-tour-de-la-nasa\\\/#breadcrumb\",\"itemListElement\":[{\"@type\":\"ListItem\",\"position\":1,\"name\":\"Home\",\"item\":\"https:\\\/\\\/yourtravelxperts.com\\\/es\\\/\"},{\"@type\":\"ListItem\",\"position\":2,\"name\":\"Reservaciones\",\"item\":\"https:\\\/\\\/yourtravelxperts.com\\\/es\\\/reservaciones\\\/\"},{\"@type\":\"ListItem\",\"position\":3,\"name\":\"4 TOUR DE LA NASA\"}]},{\"@type\":\"WebSite\",\"@id\":\"https:\\\/\\\/yourtravelxperts.com\\\/#website\",\"url\":\"https:\\\/\\\/yourtravelxperts.com\\\/\",\"name\":\"Travel Xperts\",\"description\":\"We are a tourism business based in Houston, Texas with over 20 years of experience in the industry.\",\"publisher\":{\"@id\":\"https:\\\/\\\/yourtravelxperts.com\\\/#organization\"},\"potentialAction\":[{\"@type\":\"SearchAction\",\"target\":{\"@type\":\"EntryPoint\",\"urlTemplate\":\"https:\\\/\\\/yourtravelxperts.com\\\/?s={search_term_string}\"},\"query-input\":{\"@type\":\"PropertyValueSpecification\",\"valueRequired\":true,\"valueName\":\"search_term_string\"}}],\"inLanguage\":\"es\"},{\"@type\":\"Organization\",\"@id\":\"https:\\\/\\\/yourtravelxperts.com\\\/#organization\",\"name\":\"Travel Xperts\",\"url\":\"https:\\\/\\\/yourtravelxperts.com\\\/\",\"logo\":{\"@type\":\"ImageObject\",\"inLanguage\":\"es\",\"@id\":\"https:\\\/\\\/yourtravelxperts.com\\\/#\\\/schema\\\/logo\\\/image\\\/\",\"url\":\"https:\\\/\\\/yourtravelxperts.com\\\/wp-content\\\/uploads\\\/2022\\\/09\\\/mobile.png\",\"contentUrl\":\"https:\\\/\\\/yourtravelxperts.com\\\/wp-content\\\/uploads\\\/2022\\\/09\\\/mobile.png\",\"width\":600,\"height\":200,\"caption\":\"Travel Xperts\"},\"image\":{\"@id\":\"https:\\\/\\\/yourtravelxperts.com\\\/#\\\/schema\\\/logo\\\/image\\\/\"},\"sameAs\":[\"https:\\\/\\\/www.facebook.com\\\/travelxpertsTX\\\/\"]}]}<\/script>\n<!-- \/ Yoast SEO plugin. -->","yoast_head_json":{"title":"4 TOUR DE LA NASA - Travel Xperts","robots":{"index":"index","follow":"follow","max-snippet":"max-snippet:-1","max-image-preview":"max-image-preview:large","max-video-preview":"max-video-preview:-1"},"canonical":"https:\/\/yourtravelxperts.com\/es\/producto\/4-tour-de-la-nasa\/","og_locale":"es_ES","og_type":"article","og_title":"4 TOUR DE LA NASA - Travel Xperts","og_description":"Para su comodidad y para brindarle un mejor servicio, incluya su n\u00famero de tel\u00e9fono, el d\u00eda del recorrido deseado y su hotel en la secci\u00f3n de comentarios.","og_url":"https:\/\/yourtravelxperts.com\/es\/producto\/4-tour-de-la-nasa\/","og_site_name":"Travel Xperts","article_publisher":"https:\/\/www.facebook.com\/travelxpertsTX\/","article_modified_time":"2023-09-06T09:57:48+00:00","og_image":[{"width":798,"height":530,"url":"https:\/\/yourtravelxperts.com\/wp-content\/uploads\/2023\/09\/146.jpg","type":"image\/jpeg"}],"twitter_card":"summary_large_image","schema":{"@context":"https:\/\/schema.org","@graph":[{"@type":"WebPage","@id":"https:\/\/yourtravelxperts.com\/es\/producto\/4-tour-de-la-nasa\/","url":"https:\/\/yourtravelxperts.com\/es\/producto\/4-tour-de-la-nasa\/","name":"4 TOUR DE LA NASA - Travel Xperts","isPartOf":{"@id":"https:\/\/yourtravelxperts.com\/#website"},"primaryImageOfPage":{"@id":"https:\/\/yourtravelxperts.com\/es\/producto\/4-tour-de-la-nasa\/#primaryimage"},"image":{"@id":"https:\/\/yourtravelxperts.com\/es\/producto\/4-tour-de-la-nasa\/#primaryimage"},"thumbnailUrl":"https:\/\/yourtravelxperts.com\/wp-content\/uploads\/2023\/09\/146.jpg","datePublished":"2023-09-06T09:43:30+00:00","dateModified":"2023-09-06T09:57:48+00:00","breadcrumb":{"@id":"https:\/\/yourtravelxperts.com\/es\/producto\/4-tour-de-la-nasa\/#breadcrumb"},"inLanguage":"es","potentialAction":[{"@type":"ReadAction","target":["https:\/\/yourtravelxperts.com\/es\/producto\/4-tour-de-la-nasa\/"]}]},{"@type":"ImageObject","inLanguage":"es","@id":"https:\/\/yourtravelxperts.com\/es\/producto\/4-tour-de-la-nasa\/#primaryimage","url":"https:\/\/yourtravelxperts.com\/wp-content\/uploads\/2023\/09\/146.jpg","contentUrl":"https:\/\/yourtravelxperts.com\/wp-content\/uploads\/2023\/09\/146.jpg","width":798,"height":530},{"@type":"BreadcrumbList","@id":"https:\/\/yourtravelxperts.com\/es\/producto\/4-tour-de-la-nasa\/#breadcrumb","itemListElement":[{"@type":"ListItem","position":1,"name":"Home","item":"https:\/\/yourtravelxperts.com\/es\/"},{"@type":"ListItem","position":2,"name":"Reservaciones","item":"https:\/\/yourtravelxperts.com\/es\/reservaciones\/"},{"@type":"ListItem","position":3,"name":"4 TOUR DE LA NASA"}]},{"@type":"WebSite","@id":"https:\/\/yourtravelxperts.com\/#website","url":"https:\/\/yourtravelxperts.com\/","name":"Travel Xperts","description":"We are a tourism business based in Houston, Texas with over 20 years of experience in the industry.","publisher":{"@id":"https:\/\/yourtravelxperts.com\/#organization"},"potentialAction":[{"@type":"SearchAction","target":{"@type":"EntryPoint","urlTemplate":"https:\/\/yourtravelxperts.com\/?s={search_term_string}"},"query-input":{"@type":"PropertyValueSpecification","valueRequired":true,"valueName":"search_term_string"}}],"inLanguage":"es"},{"@type":"Organization","@id":"https:\/\/yourtravelxperts.com\/#organization","name":"Travel Xperts","url":"https:\/\/yourtravelxperts.com\/","logo":{"@type":"ImageObject","inLanguage":"es","@id":"https:\/\/yourtravelxperts.com\/#\/schema\/logo\/image\/","url":"https:\/\/yourtravelxperts.com\/wp-content\/uploads\/2022\/09\/mobile.png","contentUrl":"https:\/\/yourtravelxperts.com\/wp-content\/uploads\/2022\/09\/mobile.png","width":600,"height":200,"caption":"Travel Xperts"},"image":{"@id":"https:\/\/yourtravelxperts.com\/#\/schema\/logo\/image\/"},"sameAs":["https:\/\/www.facebook.com\/travelxpertsTX\/"]}]}},"_links":{"self":[{"href":"https:\/\/yourtravelxperts.com\/es\/wp-json\/wp\/v2\/product\/1055","targetHints":{"allow":["GET"]}}],"collection":[{"href":"https:\/\/yourtravelxperts.com\/es\/wp-json\/wp\/v2\/product"}],"about":[{"href":"https:\/\/yourtravelxperts.com\/es\/wp-json\/wp\/v2\/types\/product"}],"replies":[{"embeddable":true,"href":"https:\/\/yourtravelxperts.com\/es\/wp-json\/wp\/v2\/comments?post=1055"}],"wp:featuredmedia":[{"embeddable":true,"href":"https:\/\/yourtravelxperts.com\/es\/wp-json\/wp\/v2\/media\/1033"}],"wp:attachment":[{"href":"https:\/\/yourtravelxperts.com\/es\/wp-json\/wp\/v2\/media?parent=1055"}],"wp:term":[{"taxonomy":"product_brand","embeddable":true,"href":"https:\/\/yourtravelxperts.com\/es\/wp-json\/wp\/v2\/product_brand?post=1055"},{"taxonomy":"product_cat","embeddable":true,"href":"https:\/\/yourtravelxperts.com\/es\/wp-json\/wp\/v2\/product_cat?post=1055"},{"taxonomy":"product_tag","embeddable":true,"href":"https:\/\/yourtravelxperts.com\/es\/wp-json\/wp\/v2\/product_tag?post=1055"}],"curies":[{"name":"wp","href":"https:\/\/api.w.org\/{rel}","templated":true}]}}