{"id":934,"date":"2022-11-16T06:24:23","date_gmt":"2022-11-16T06:24:23","guid":{"rendered":"https:\/\/yourtravelxperts.com\/houston-shopping-shuttle\/"},"modified":"2023-11-18T16:10:36","modified_gmt":"2023-11-18T16:10:36","slug":"houston-shopping-shuttle","status":"publish","type":"page","link":"https:\/\/yourtravelxperts.com\/es\/houston-shopping-shuttle\/","title":{"rendered":"Houston Shopping Shuttle"},"content":{"rendered":"<div class=\"wpb-content-wrapper\">[vc_row][vc_column]\n\t\t\t<!-- START Shopping Shuttle REVOLUTION SLIDER 6.7.37 --><p class=\"rs-p-wp-fix\"><\/p>\n\t\t\t<rs-module-wrap id=\"rev_slider_7_1_wrapper\" data-source=\"gallery\" style=\"visibility:hidden;background:transparent;padding:0;margin:0px auto;margin-top:0;margin-bottom:0;\">\n\t\t\t\t<rs-module id=\"rev_slider_7_1\" style=\"\" data-version=\"6.7.37\">\n\t\t\t\t\t<rs-slides style=\"overflow: hidden; position: absolute;\">\n\t\t\t\t\t\t<rs-slide style=\"position: absolute;\" data-key=\"rs-11\" data-title=\"Slide\" data-in=\"o:0;\" data-out=\"a:false;\">\n\t\t\t\t\t\t\t<img decoding=\"async\" src=\"\/\/yourtravelxperts.com\/wp-content\/plugins\/revslider\/sr6\/assets\/assets\/dummy.png\" alt=\"\" title=\"galleria\" width=\"1920\" height=\"1080\" class=\"rev-slidebg tp-rs-img rs-lazyload\" data-lazyload=\"\/\/yourtravelxperts.com\/wp-content\/uploads\/2022\/11\/galleria.jpg\" data-panzoom=\"d:10000;ss:110%;se:100;\" data-no-retina>\n<!--\n\t\t\t\t\t\t\t--><rs-layer\n\t\t\t\t\t\t\t\tid=\"slider-7-slide-11-layer-0\" \n\t\t\t\t\t\t\t\tdata-type=\"text\"\n\t\t\t\t\t\t\t\tdata-color=\"#fff\"\n\t\t\t\t\t\t\t\tdata-tsh=\"c:#000000;v:5px,5px,5px,1px;b:30px,30px,30px,11px;\"\n\t\t\t\t\t\t\t\tdata-rsp_ch=\"on\"\n\t\t\t\t\t\t\t\tdata-xy=\"x:c;y:m;\"\n\t\t\t\t\t\t\t\tdata-text=\"w:normal;s:100,100,100,49;l:90,90,90,49;ls:-4,-4,-4,-1;fw:800;a:center;\"\n\t\t\t\t\t\t\t\tdata-dim=\"w:911px,911px,911px,438px;minh:0px,0px,0px,none;\"\n\t\t\t\t\t\t\t\tdata-frame_0=\"x:0,0,0,0px;y:50,50,50,68px;\"\n\t\t\t\t\t\t\t\tdata-frame_1=\"x:0,0,0,0px;y:0,0,0,0px;st:1000;sp:1500;sR:1500;\"\n\t\t\t\t\t\t\t\tdata-frame_999=\"o:0;st:w;sR:6500;\"\n\t\t\t\t\t\t\t\tstyle=\"z-index:5;font-family:'Poppins';\"\n\t\t\t\t\t\t\t>Houston Shopping Shuttle \n\t\t\t\t\t\t\t<\/rs-layer><!--\n-->\t\t\t\t\t<\/rs-slide>\n\t\t\t\t\t<\/rs-slides>\n\t\t\t\t<\/rs-module>\n\t\t\t\t<script>\n\t\t\t\t\tsetREVStartSize({c: 'rev_slider_7_1',rl:[1240,1240,1240,480],el:[900,900,900,720],gw:[1240,1240,1240,480],gh:[900,900,900,720],type:'standard',justify:'',layout:'fullwidth',mh:\"0\"});if (window.RS_MODULES!==undefined && window.RS_MODULES.modules!==undefined && window.RS_MODULES.modules[\"revslider71\"]!==undefined) {window.RS_MODULES.modules[\"revslider71\"].once = false;window.revapi7 = undefined;if (window.RS_MODULES.checkMinimal!==undefined) window.RS_MODULES.checkMinimal()}\n\t\t\t\t<\/script>\n\t\t\t<\/rs-module-wrap>\n\t\t\t<!-- END REVOLUTION SLIDER -->\n[\/vc_column][\/vc_row][vc_row][vc_column][mk_padding_divider size=\u00bb75&#8243;][mk_fancy_title tag_name=\u00bbh4&#8243; color=\u00bb#ed257b\u00bb size=\u00bb60&#8243; margin_bottom=\u00bb0&#8243; font_family=\u00bbPacifico\u00bb font_type=\u00bbgoogle\u00bb align=\u00bbcenter\u00bb]!Aborde y Compre![\/mk_fancy_title][\/vc_column][\/vc_row][vc_row fullwidth=\u00bbtrue\u00bb fullwidth_content=\u00bbfalse\u00bb][vc_column][mk_image src=\u00bbhttp:\/\/hgstravel.com\/wp-content\/uploads\/2017\/10\/Houston-Shoppng-Shuttle.png\u00bb image_size=\u00bbmedium\u00bb align=\u00bbcenter\u00bb][mk_social_networks size=\u00bbx-large\u00bb icon_color=\u00bb#ed257b\u00bb icon_hover_color=\u00bb#020202&#8243; align=\u00bbcenter\u00bb facebook=\u00bbhttps:\/\/www.facebook.com\/HoustonShoppingShuttle\/\u00bb instagram=\u00bbhttps:\/\/www.instagram.com\/HoustonShoppingShuttle\/\u00bb][vc_empty_space height=\u00bb50px\u00bb][mk_fancy_title tag_name=\u00bbh4&#8243; color=\u00bb#ed257b\u00bb size=\u00bb20&#8243; force_font_size=\u00bbtrue\u00bb size_smallscreen=\u00bb20&#8243; size_tablet=\u00bb20&#8243; size_phone=\u00bb20&#8243; line_height=\u00bb150&#8243; margin_bottom=\u00bb0&#8243; font_family=\u00bbnone\u00bb align=\u00bbcenter\u00bb]\n<p style=\"font-weight: 400;\">Experimente nuestros recorridos de compras y servicios de transporte a los centros comerciales y outlets m\u00e1s populares de Houston.<\/p>\n[\/mk_fancy_title][mk_fancy_title tag_name=\u00bbh4&#8243; color=\u00bb#ed257b\u00bb size=\u00bb30&#8243; margin_bottom=\u00bb0&#8243; font_family=\u00bbOswald\u00bb font_type=\u00bbgoogle\u00bb align=\u00bbcenter\u00bb]$25\/VIAJE REDONDO[\/mk_fancy_title][mk_fancy_title tag_name=\u00bbh4&#8243; color=\u00bb#ed257b\u00bb size=\u00bb30&#8243; margin_bottom=\u00bb0&#8243; font_family=\u00bbOswald\u00bb font_type=\u00bbgoogle\u00bb align=\u00bbcenter\u00bb]SOLO EL FIN DE SEMANA DE VIERNES NEGRO[\/mk_fancy_title][mk_fancy_title tag_name=\u00bbh4&#8243; color=\u00bb#ed257b\u00bb size=\u00bb20&#8243; font_weight=\u00bb400&#8243; margin_bottom=\u00bb0&#8243; font_family=\u00bbnone\u00bb align=\u00bbcenter\u00bb]Recogemos de cualquier hotel en el \u00e1rea de Galleria, Centro, Centro M\u00e9dico y Corredor de Energ\u00eda.<\/p>\n<p>Nuestros recorridos de compras duran seis horas e incluyen transporte redondo, libro de cupones e informaci\u00f3n de reembolso de impuestos.<\/p>\n<p>Recogemos de cualquier otra \u00e1rea por $ 10 adicionales.<\/p>\n<p>Solicite un descuento especial para grupos de 10 o m\u00e1s.[\/mk_fancy_title][\/vc_column][\/vc_row][vc_row][vc_column][vc_empty_space height=\u00bb50px\u00bb][mk_fancy_title tag_name=\u00bbh3&#8243; color=\u00bb#686868&#8243; size=\u00bb30&#8243; margin_bottom=\u00bb0&#8243; font_family=\u00bbOswald\u00bb font_type=\u00bbgoogle\u00bb align=\u00bbcenter\u00bb]Simplemente seleccione uno de los siguientes centros comerciales y \u00a1Disfrute una experiencia de compra \u00fanica![\/mk_fancy_title][vc_empty_space height=\u00bb55&#8243;][mk_fancy_title tag_name=\u00bbh4&#8243; size=\u00bb30&#8243; font_weight=\u00bbbold\u00bb txt_transform=\u00bbuppercase\u00bb margin_bottom=\u00bb0&#8243; font_family=\u00bbOswald\u00bb font_type=\u00bbgoogle\u00bb align=\u00bbcenter\u00bb]PARA MARCAS DE DISE\u00d1O Y AHORROS IMPRESIONANTES[\/mk_fancy_title][vc_column_text align=\u00bbcenter\u00bb css=\u00bb.vc_custom_1668580011468{margin-bottom: 0px !important;}\u00bb]<span style=\"font-size: 18pt;\">TANGER OUTLET, HOUSTON PREMIUM OUTLETS, o KATY MILLS MALL<\/span>[\/vc_column_text][vc_empty_space height=\u00bb55&#8243;][mk_fancy_title tag_name=\u00bbh4&#8243; size=\u00bb30&#8243; font_weight=\u00bbbold\u00bb txt_transform=\u00bbuppercase\u00bb margin_bottom=\u00bb0&#8243; font_family=\u00bbOswald\u00bb font_type=\u00bbgoogle\u00bb align=\u00bbcenter\u00bb]PARA UNA EXPERIENCIA DE COMPRA DE LUJO[\/mk_fancy_title][vc_column_text align=\u00bbcenter\u00bb css=\u00bb.vc_custom_1668579997243{margin-bottom: 0px !important;}\u00bb]<span style=\"font-size: 18pt;\">LA GALLERIA O EL DISTRITO DE RIVER OAKS<\/span>[\/vc_column_text][vc_empty_space height=\u00bb75&#8243;][mk_button dimension=\u00bbflat\u00bb size=\u00bbxx-large\u00bb url=\u00bbhttps:\/\/yourtravelxperts.com\/es\/producto\/viernes-negro\/\u00bb align=\u00bbcenter\u00bb button_custom_width=\u00bb300&#8243; id=\u00bbboton\u00bb el_class=\u00bbboton\u00bb bg_color=\u00bb#ed257b\u00bb btn_hover_bg=\u00bb#000000&#8243; btn_hover_txt_color=\u00bb#ffffff\u00bb]\u00a1Reserva Ahora![\/mk_button][vc_empty_space height=\u00bb90px\u00bb][mk_divider style=\u00bbthin_solid\u00bb][\/vc_column][\/vc_row][vc_row][vc_column][vc_empty_space height=\u00bb35px\u00bb][mk_image src=\u00bbhttp:\/\/hgstravel.com\/wp-content\/uploads\/2019\/01\/brands.jpg\u00bb image_size=\u00bbfull\u00bb align=\u00bbcenter\u00bb][\/vc_column][\/vc_row][vc_row][vc_column][mk_gallery images=\u00bb808,809,810,811,812,813&#8243; height=\u00bb350&#8243; item_spacing=\u00bb20&#8243;][\/vc_column][\/vc_row]\n<\/div>","protected":false},"excerpt":{"rendered":"<p>[vc_row][vc_column][\/vc_column][\/vc_row][vc_row][vc_column][mk_padding_divider size=\u00bb75&#8243;][mk_fancy_title tag_name=\u00bbh4&#8243; color=\u00bb#ed257b\u00bb size=\u00bb60&#8243; margin_bottom=\u00bb0&#8243; font_family=\u00bbPacifico\u00bb font_type=\u00bbgoogle\u00bb align=\u00bbcenter\u00bb]!Aborde y Compre![\/mk_fancy_title][\/vc_column][\/vc_row][vc_row fullwidth=\u00bbtrue\u00bb fullwidth_content=\u00bbfalse\u00bb][vc_column][mk_image src=\u00bbhttp:\/\/hgstravel.com\/wp-content\/uploads\/2017\/10\/Houston-Shoppng-Shuttle.png\u00bb image_size=\u00bbmedium\u00bb align=\u00bbcenter\u00bb][mk_social_networks size=\u00bbx-large\u00bb icon_color=\u00bb#ed257b\u00bb icon_hover_color=\u00bb#020202&#8243; align=\u00bbcenter\u00bb facebook=\u00bbhttps:\/\/www.facebook.com\/HoustonShoppingShuttle\/\u00bb instagram=\u00bbhttps:\/\/www.instagram.com\/HoustonShoppingShuttle\/\u00bb][vc_empty_space height=\u00bb50px\u00bb][mk_fancy_title tag_name=\u00bbh4&#8243; color=\u00bb#ed257b\u00bb size=\u00bb20&#8243; force_font_size=\u00bbtrue\u00bb size_smallscreen=\u00bb20&#8243; size_tablet=\u00bb20&#8243; size_phone=\u00bb20&#8243; line_height=\u00bb150&#8243; margin_bottom=\u00bb0&#8243; font_family=\u00bbnone\u00bb align=\u00bbcenter\u00bb] Experimente nuestros recorridos de compras y servicios de transporte a los centros comerciales y outlets m\u00e1s populares de Houston. [\/mk_fancy_title][mk_fancy_title tag_name=\u00bbh4&#8243; [&hellip;]<\/p>\n","protected":false},"author":1,"featured_media":0,"parent":0,"menu_order":0,"comment_status":"closed","ping_status":"closed","template":"","meta":{"footnotes":""},"class_list":["post-934","page","type-page","status-publish","hentry"],"yoast_head":"<!-- This site is optimized with the Yoast SEO plugin v27.4 - https:\/\/yoast.com\/product\/yoast-seo-wordpress\/ -->\n<title>Houston Shopping Shuttle - Travel Xperts<\/title>\n<meta name=\"robots\" content=\"index, follow, max-snippet:-1, max-image-preview:large, max-video-preview:-1\" \/>\n<link rel=\"canonical\" href=\"https:\/\/yourtravelxperts.com\/es\/houston-shopping-shuttle\/\" \/>\n<meta property=\"og:locale\" content=\"es_ES\" \/>\n<meta property=\"og:type\" content=\"article\" \/>\n<meta property=\"og:title\" content=\"Houston Shopping Shuttle - Travel Xperts\" \/>\n<meta property=\"og:description\" content=\"[vc_row][vc_column][\/vc_column][\/vc_row][vc_row][vc_column][mk_padding_divider size=\u00bb75&#8243;][mk_fancy_title tag_name=\u00bbh4&#8243; color=\u00bb#ed257b\u00bb size=\u00bb60&#8243; margin_bottom=\u00bb0&#8243; font_family=\u00bbPacifico\u00bb font_type=\u00bbgoogle\u00bb align=\u00bbcenter\u00bb]!Aborde y Compre![\/mk_fancy_title][\/vc_column][\/vc_row][vc_row fullwidth=\u00bbtrue\u00bb fullwidth_content=\u00bbfalse\u00bb][vc_column][mk_image src=\u00bbhttp:\/\/hgstravel.com\/wp-content\/uploads\/2017\/10\/Houston-Shoppng-Shuttle.png\u00bb image_size=\u00bbmedium\u00bb align=\u00bbcenter\u00bb][mk_social_networks size=\u00bbx-large\u00bb icon_color=\u00bb#ed257b\u00bb icon_hover_color=\u00bb#020202&#8243; align=\u00bbcenter\u00bb facebook=\u00bbhttps:\/\/www.facebook.com\/HoustonShoppingShuttle\/\u00bb instagram=\u00bbhttps:\/\/www.instagram.com\/HoustonShoppingShuttle\/\u00bb][vc_empty_space height=\u00bb50px\u00bb][mk_fancy_title tag_name=\u00bbh4&#8243; color=\u00bb#ed257b\u00bb size=\u00bb20&#8243; force_font_size=\u00bbtrue\u00bb size_smallscreen=\u00bb20&#8243; size_tablet=\u00bb20&#8243; size_phone=\u00bb20&#8243; line_height=\u00bb150&#8243; margin_bottom=\u00bb0&#8243; font_family=\u00bbnone\u00bb align=\u00bbcenter\u00bb] Experimente nuestros recorridos de compras y servicios de transporte a los centros comerciales y outlets m\u00e1s populares de Houston. [\/mk_fancy_title][mk_fancy_title tag_name=\u00bbh4&#8243; [&hellip;]\" \/>\n<meta property=\"og:url\" content=\"https:\/\/yourtravelxperts.com\/es\/houston-shopping-shuttle\/\" \/>\n<meta property=\"og:site_name\" content=\"Travel Xperts\" \/>\n<meta property=\"article:publisher\" content=\"https:\/\/www.facebook.com\/travelxpertsTX\/\" \/>\n<meta property=\"article:modified_time\" content=\"2023-11-18T16:10:36+00:00\" \/>\n<meta name=\"twitter:card\" content=\"summary_large_image\" \/>\n<meta name=\"twitter:label1\" content=\"Tiempo de lectura\" \/>\n\t<meta name=\"twitter:data1\" content=\"2 minutos\" \/>\n<script type=\"application\/ld+json\" class=\"yoast-schema-graph\">{\"@context\":\"https:\\\/\\\/schema.org\",\"@graph\":[{\"@type\":\"WebPage\",\"@id\":\"https:\\\/\\\/yourtravelxperts.com\\\/es\\\/houston-shopping-shuttle\\\/\",\"url\":\"https:\\\/\\\/yourtravelxperts.com\\\/es\\\/houston-shopping-shuttle\\\/\",\"name\":\"Houston Shopping Shuttle - Travel Xperts\",\"isPartOf\":{\"@id\":\"https:\\\/\\\/yourtravelxperts.com\\\/#website\"},\"datePublished\":\"2022-11-16T06:24:23+00:00\",\"dateModified\":\"2023-11-18T16:10:36+00:00\",\"breadcrumb\":{\"@id\":\"https:\\\/\\\/yourtravelxperts.com\\\/es\\\/houston-shopping-shuttle\\\/#breadcrumb\"},\"inLanguage\":\"es\",\"potentialAction\":[{\"@type\":\"ReadAction\",\"target\":[\"https:\\\/\\\/yourtravelxperts.com\\\/es\\\/houston-shopping-shuttle\\\/\"]}]},{\"@type\":\"BreadcrumbList\",\"@id\":\"https:\\\/\\\/yourtravelxperts.com\\\/es\\\/houston-shopping-shuttle\\\/#breadcrumb\",\"itemListElement\":[{\"@type\":\"ListItem\",\"position\":1,\"name\":\"Home\",\"item\":\"https:\\\/\\\/yourtravelxperts.com\\\/es\\\/\"},{\"@type\":\"ListItem\",\"position\":2,\"name\":\"Houston Shopping Shuttle\"}]},{\"@type\":\"WebSite\",\"@id\":\"https:\\\/\\\/yourtravelxperts.com\\\/#website\",\"url\":\"https:\\\/\\\/yourtravelxperts.com\\\/\",\"name\":\"Travel Xperts\",\"description\":\"We are a tourism business based in Houston, Texas with over 20 years of experience in the industry.\",\"publisher\":{\"@id\":\"https:\\\/\\\/yourtravelxperts.com\\\/#organization\"},\"potentialAction\":[{\"@type\":\"SearchAction\",\"target\":{\"@type\":\"EntryPoint\",\"urlTemplate\":\"https:\\\/\\\/yourtravelxperts.com\\\/?s={search_term_string}\"},\"query-input\":{\"@type\":\"PropertyValueSpecification\",\"valueRequired\":true,\"valueName\":\"search_term_string\"}}],\"inLanguage\":\"es\"},{\"@type\":\"Organization\",\"@id\":\"https:\\\/\\\/yourtravelxperts.com\\\/#organization\",\"name\":\"Travel Xperts\",\"url\":\"https:\\\/\\\/yourtravelxperts.com\\\/\",\"logo\":{\"@type\":\"ImageObject\",\"inLanguage\":\"es\",\"@id\":\"https:\\\/\\\/yourtravelxperts.com\\\/#\\\/schema\\\/logo\\\/image\\\/\",\"url\":\"https:\\\/\\\/yourtravelxperts.com\\\/wp-content\\\/uploads\\\/2022\\\/09\\\/mobile.png\",\"contentUrl\":\"https:\\\/\\\/yourtravelxperts.com\\\/wp-content\\\/uploads\\\/2022\\\/09\\\/mobile.png\",\"width\":600,\"height\":200,\"caption\":\"Travel Xperts\"},\"image\":{\"@id\":\"https:\\\/\\\/yourtravelxperts.com\\\/#\\\/schema\\\/logo\\\/image\\\/\"},\"sameAs\":[\"https:\\\/\\\/www.facebook.com\\\/travelxpertsTX\\\/\"]}]}<\/script>\n<!-- \/ Yoast SEO plugin. -->","yoast_head_json":{"title":"Houston Shopping Shuttle - Travel Xperts","robots":{"index":"index","follow":"follow","max-snippet":"max-snippet:-1","max-image-preview":"max-image-preview:large","max-video-preview":"max-video-preview:-1"},"canonical":"https:\/\/yourtravelxperts.com\/es\/houston-shopping-shuttle\/","og_locale":"es_ES","og_type":"article","og_title":"Houston Shopping Shuttle - Travel Xperts","og_description":"[vc_row][vc_column][\/vc_column][\/vc_row][vc_row][vc_column][mk_padding_divider size=\u00bb75&#8243;][mk_fancy_title tag_name=\u00bbh4&#8243; color=\u00bb#ed257b\u00bb size=\u00bb60&#8243; margin_bottom=\u00bb0&#8243; font_family=\u00bbPacifico\u00bb font_type=\u00bbgoogle\u00bb align=\u00bbcenter\u00bb]!Aborde y Compre![\/mk_fancy_title][\/vc_column][\/vc_row][vc_row fullwidth=\u00bbtrue\u00bb fullwidth_content=\u00bbfalse\u00bb][vc_column][mk_image src=\u00bbhttp:\/\/hgstravel.com\/wp-content\/uploads\/2017\/10\/Houston-Shoppng-Shuttle.png\u00bb image_size=\u00bbmedium\u00bb align=\u00bbcenter\u00bb][mk_social_networks size=\u00bbx-large\u00bb icon_color=\u00bb#ed257b\u00bb icon_hover_color=\u00bb#020202&#8243; align=\u00bbcenter\u00bb facebook=\u00bbhttps:\/\/www.facebook.com\/HoustonShoppingShuttle\/\u00bb instagram=\u00bbhttps:\/\/www.instagram.com\/HoustonShoppingShuttle\/\u00bb][vc_empty_space height=\u00bb50px\u00bb][mk_fancy_title tag_name=\u00bbh4&#8243; color=\u00bb#ed257b\u00bb size=\u00bb20&#8243; force_font_size=\u00bbtrue\u00bb size_smallscreen=\u00bb20&#8243; size_tablet=\u00bb20&#8243; size_phone=\u00bb20&#8243; line_height=\u00bb150&#8243; margin_bottom=\u00bb0&#8243; font_family=\u00bbnone\u00bb align=\u00bbcenter\u00bb] Experimente nuestros recorridos de compras y servicios de transporte a los centros comerciales y outlets m\u00e1s populares de Houston. [\/mk_fancy_title][mk_fancy_title tag_name=\u00bbh4&#8243; [&hellip;]","og_url":"https:\/\/yourtravelxperts.com\/es\/houston-shopping-shuttle\/","og_site_name":"Travel Xperts","article_publisher":"https:\/\/www.facebook.com\/travelxpertsTX\/","article_modified_time":"2023-11-18T16:10:36+00:00","twitter_card":"summary_large_image","twitter_misc":{"Tiempo de lectura":"2 minutos"},"schema":{"@context":"https:\/\/schema.org","@graph":[{"@type":"WebPage","@id":"https:\/\/yourtravelxperts.com\/es\/houston-shopping-shuttle\/","url":"https:\/\/yourtravelxperts.com\/es\/houston-shopping-shuttle\/","name":"Houston Shopping Shuttle - Travel Xperts","isPartOf":{"@id":"https:\/\/yourtravelxperts.com\/#website"},"datePublished":"2022-11-16T06:24:23+00:00","dateModified":"2023-11-18T16:10:36+00:00","breadcrumb":{"@id":"https:\/\/yourtravelxperts.com\/es\/houston-shopping-shuttle\/#breadcrumb"},"inLanguage":"es","potentialAction":[{"@type":"ReadAction","target":["https:\/\/yourtravelxperts.com\/es\/houston-shopping-shuttle\/"]}]},{"@type":"BreadcrumbList","@id":"https:\/\/yourtravelxperts.com\/es\/houston-shopping-shuttle\/#breadcrumb","itemListElement":[{"@type":"ListItem","position":1,"name":"Home","item":"https:\/\/yourtravelxperts.com\/es\/"},{"@type":"ListItem","position":2,"name":"Houston Shopping Shuttle"}]},{"@type":"WebSite","@id":"https:\/\/yourtravelxperts.com\/#website","url":"https:\/\/yourtravelxperts.com\/","name":"Travel Xperts","description":"We are a tourism business based in Houston, Texas with over 20 years of experience in the industry.","publisher":{"@id":"https:\/\/yourtravelxperts.com\/#organization"},"potentialAction":[{"@type":"SearchAction","target":{"@type":"EntryPoint","urlTemplate":"https:\/\/yourtravelxperts.com\/?s={search_term_string}"},"query-input":{"@type":"PropertyValueSpecification","valueRequired":true,"valueName":"search_term_string"}}],"inLanguage":"es"},{"@type":"Organization","@id":"https:\/\/yourtravelxperts.com\/#organization","name":"Travel Xperts","url":"https:\/\/yourtravelxperts.com\/","logo":{"@type":"ImageObject","inLanguage":"es","@id":"https:\/\/yourtravelxperts.com\/#\/schema\/logo\/image\/","url":"https:\/\/yourtravelxperts.com\/wp-content\/uploads\/2022\/09\/mobile.png","contentUrl":"https:\/\/yourtravelxperts.com\/wp-content\/uploads\/2022\/09\/mobile.png","width":600,"height":200,"caption":"Travel Xperts"},"image":{"@id":"https:\/\/yourtravelxperts.com\/#\/schema\/logo\/image\/"},"sameAs":["https:\/\/www.facebook.com\/travelxpertsTX\/"]}]}},"_links":{"self":[{"href":"https:\/\/yourtravelxperts.com\/es\/wp-json\/wp\/v2\/pages\/934","targetHints":{"allow":["GET"]}}],"collection":[{"href":"https:\/\/yourtravelxperts.com\/es\/wp-json\/wp\/v2\/pages"}],"about":[{"href":"https:\/\/yourtravelxperts.com\/es\/wp-json\/wp\/v2\/types\/page"}],"author":[{"embeddable":true,"href":"https:\/\/yourtravelxperts.com\/es\/wp-json\/wp\/v2\/users\/1"}],"replies":[{"embeddable":true,"href":"https:\/\/yourtravelxperts.com\/es\/wp-json\/wp\/v2\/comments?post=934"}],"version-history":[{"count":7,"href":"https:\/\/yourtravelxperts.com\/es\/wp-json\/wp\/v2\/pages\/934\/revisions"}],"predecessor-version":[{"id":1084,"href":"https:\/\/yourtravelxperts.com\/es\/wp-json\/wp\/v2\/pages\/934\/revisions\/1084"}],"wp:attachment":[{"href":"https:\/\/yourtravelxperts.com\/es\/wp-json\/wp\/v2\/media?parent=934"}],"curies":[{"name":"wp","href":"https:\/\/api.w.org\/{rel}","templated":true}]}}