{"id":908,"date":"2022-11-16T06:12:41","date_gmt":"2022-11-16T06:12:41","guid":{"rendered":"https:\/\/yourtravelxperts.com\/transportacion\/"},"modified":"2022-11-17T06:02:56","modified_gmt":"2022-11-17T06:02:56","slug":"transportacion","status":"publish","type":"page","link":"https:\/\/yourtravelxperts.com\/es\/transportacion\/","title":{"rendered":"Transportaci\u00f3n"},"content":{"rendered":"<div class=\"wpb-content-wrapper\">[vc_row][vc_column]\n\t\t\t<!-- START Tranportaci\u00f3n REVOLUTION SLIDER 6.7.37 --><p class=\"rs-p-wp-fix\"><\/p>\n\t\t\t<rs-module-wrap id=\"rev_slider_8_1_wrapper\" data-source=\"gallery\" style=\"visibility:hidden;background:transparent;padding:0;margin:0px auto;margin-top:0;margin-bottom:0;\">\n\t\t\t\t<rs-module id=\"rev_slider_8_1\" style=\"\" data-version=\"6.7.37\">\n\t\t\t\t\t<rs-slides style=\"overflow: hidden; position: absolute;\">\n\t\t\t\t\t\t<rs-slide style=\"position: absolute;\" data-key=\"rs-12\" data-title=\"Slide\" data-in=\"o:0;\" data-out=\"a:false;\">\n\t\t\t\t\t\t\t<img decoding=\"async\" src=\"\/\/yourtravelxperts.com\/wp-content\/plugins\/revslider\/sr6\/assets\/assets\/dummy.png\" alt=\"\" title=\"tranportation\" width=\"1920\" height=\"1080\" class=\"rev-slidebg tp-rs-img rs-lazyload\" data-lazyload=\"\/\/yourtravelxperts.com\/wp-content\/uploads\/2022\/11\/tranportation.jpg\" data-panzoom=\"d:10000;ss:110%;se:100;\" data-no-retina>\n<!--\n\t\t\t\t\t\t\t--><rs-layer\n\t\t\t\t\t\t\t\tid=\"slider-8-slide-12-layer-0\" \n\t\t\t\t\t\t\t\tdata-type=\"text\"\n\t\t\t\t\t\t\t\tdata-color=\"#fff\"\n\t\t\t\t\t\t\t\tdata-tsh=\"c:#000000;v:5px,5px,5px,1px;b:30px,30px,30px,11px;\"\n\t\t\t\t\t\t\t\tdata-rsp_ch=\"on\"\n\t\t\t\t\t\t\t\tdata-xy=\"x:c;y:m;\"\n\t\t\t\t\t\t\t\tdata-text=\"w:normal;s:100,100,100,49;l:90,90,90,49;ls:-4,-4,-4,-1;fw:800;\"\n\t\t\t\t\t\t\t\tdata-dim=\"w:auto,auto,auto,438px;minh:0px,0px,0px,none;\"\n\t\t\t\t\t\t\t\tdata-frame_0=\"x:0,0,0,0px;y:50,50,50,68px;\"\n\t\t\t\t\t\t\t\tdata-frame_1=\"x:0,0,0,0px;y:0,0,0,0px;st:1000;sp:1500;sR:1500;\"\n\t\t\t\t\t\t\t\tdata-frame_999=\"o:0;st:w;sR:6500;\"\n\t\t\t\t\t\t\t\tstyle=\"z-index:5;font-family:'Poppins';\"\n\t\t\t\t\t\t\t>TRANSPORTACI\u00d3N \n\t\t\t\t\t\t\t<\/rs-layer><!--\n-->\t\t\t\t\t<\/rs-slide>\n\t\t\t\t\t<\/rs-slides>\n\t\t\t\t<\/rs-module>\n\t\t\t\t<script>\n\t\t\t\t\tsetREVStartSize({c: 'rev_slider_8_1',rl:[1240,1240,1240,480],el:[900,900,900,720],gw:[1240,1240,1240,480],gh:[900,900,900,720],type:'standard',justify:'',layout:'fullwidth',mh:\"0\"});if (window.RS_MODULES!==undefined && window.RS_MODULES.modules!==undefined && window.RS_MODULES.modules[\"revslider81\"]!==undefined) {window.RS_MODULES.modules[\"revslider81\"].once = false;window.revapi8 = undefined;if (window.RS_MODULES.checkMinimal!==undefined) window.RS_MODULES.checkMinimal()}\n\t\t\t\t<\/script>\n\t\t\t<\/rs-module-wrap>\n\t\t\t<!-- END REVOLUTION SLIDER -->\n[\/vc_column][\/vc_row][vc_row][vc_column][mk_padding_divider size=\u00bb75&#8243;][\/vc_column][\/vc_row][vc_row][vc_column][vc_column_text css=\u00bb.vc_custom_1668579216381{margin-bottom: 0px !important;}\u00bb]<span style=\"font-size: 16pt;\">Travel Xperts es su soluci\u00f3n para todo el transporte terrestre, mantenemos una vasta red de afiliados en los Estados Unidos y Canad\u00e1. Elija entre sedanes, SUV, limusinas, vans y autobuses. Nuestro equipo de log\u00edstica se asegura de programar y coordinar servicio eficiente, professional y confiable.<\/span>[\/vc_column_text][vc_column_text css=\u00bb.vc_custom_1668662942687{margin-bottom: 0px !important;}\u00bb]Operamos desde Houston, Texas, nuestros conductores certificados conocen<br \/>\nHouston en su totalidad, esto les permite brindar satisfacci\u00f3n al cliente de<br \/>\nmanera segura.[\/vc_column_text][mk_padding_divider size=\u00bb50&#8243;][\/vc_column][\/vc_row][vc_row][vc_column][mk_padding_divider size=\u00bb75&#8243;][\/vc_column][\/vc_row][vc_row][vc_column width=\u00bb1\/3&#8243;][vc_single_image image=\u00bb259&#8243; img_size=\u00bbfull\u00bb css_animation=\u00bbappear\u00bb][\/vc_column][vc_column width=\u00bb1\/3&#8243;][vc_single_image image=\u00bb164&#8243; img_size=\u00bbfull\u00bb css_animation=\u00bbappear\u00bb][\/vc_column][vc_column width=\u00bb1\/3&#8243;][vc_single_image image=\u00bb162&#8243; img_size=\u00bbfull\u00bb css_animation=\u00bbappear\u00bb][\/vc_column][\/vc_row][vc_row][vc_column width=\u00bb1\/3&#8243;][vc_single_image image=\u00bb160&#8243; img_size=\u00bbfull\u00bb css_animation=\u00bbappear\u00bb][\/vc_column][vc_column width=\u00bb1\/3&#8243;][vc_single_image image=\u00bb16&#8243; img_size=\u00bbfull\u00bb css_animation=\u00bbappear\u00bb][\/vc_column][vc_column width=\u00bb1\/3&#8243;][vc_single_image image=\u00bb158&#8243; img_size=\u00bbfull\u00bb css_animation=\u00bbappear\u00bb][\/vc_column][\/vc_row][vc_row][vc_column width=\u00bb1\/3&#8243;][vc_single_image image=\u00bb156&#8243; img_size=\u00bbfull\u00bb css_animation=\u00bbappear\u00bb][\/vc_column][vc_column width=\u00bb1\/3&#8243;][vc_single_image image=\u00bb154&#8243; img_size=\u00bbfull\u00bb css_animation=\u00bbappear\u00bb][\/vc_column][vc_column width=\u00bb1\/3&#8243;][\/vc_column][\/vc_row][vc_row][vc_column][mk_padding_divider size=\u00bb75&#8243;][\/vc_column][\/vc_row][vc_row][vc_column][mk_gallery images=\u00bb838,839,840,841,842,843,844,845,846,847,848,849,850,851,852,853,854,855&#8243; height=\u00bb350&#8243; item_spacing=\u00bb20&#8243;][\/vc_column][\/vc_row]\n<\/div>","protected":false},"excerpt":{"rendered":"<p>[vc_row][vc_column][\/vc_column][\/vc_row][vc_row][vc_column][mk_padding_divider size=\u00bb75&#8243;][\/vc_column][\/vc_row][vc_row][vc_column][vc_column_text css=\u00bb.vc_custom_1668579216381{margin-bottom: 0px !important;}\u00bb]Travel Xperts es su soluci\u00f3n para todo el transporte terrestre, mantenemos una vasta red de afiliados en los Estados Unidos y Canad\u00e1. Elija entre sedanes, SUV, limusinas, vans y autobuses. Nuestro equipo de log\u00edstica se asegura de programar y coordinar servicio eficiente, professional y confiable.[\/vc_column_text][vc_column_text css=\u00bb.vc_custom_1668662942687{margin-bottom: 0px !important;}\u00bb]Operamos desde Houston, Texas, [&hellip;]<\/p>\n","protected":false},"author":1,"featured_media":253,"parent":0,"menu_order":0,"comment_status":"closed","ping_status":"closed","template":"","meta":{"footnotes":""},"class_list":["post-908","page","type-page","status-publish","has-post-thumbnail","hentry"],"yoast_head":"<!-- This site is optimized with the Yoast SEO plugin v27.4 - https:\/\/yoast.com\/product\/yoast-seo-wordpress\/ -->\n<title>Transportaci\u00f3n - Travel Xperts<\/title>\n<meta name=\"robots\" content=\"index, follow, max-snippet:-1, max-image-preview:large, max-video-preview:-1\" \/>\n<link rel=\"canonical\" href=\"https:\/\/yourtravelxperts.com\/transportation\/\" \/>\n<meta property=\"og:locale\" content=\"es_ES\" \/>\n<meta property=\"og:type\" content=\"article\" \/>\n<meta property=\"og:title\" content=\"Transportaci\u00f3n - Travel Xperts\" \/>\n<meta property=\"og:description\" content=\"[vc_row][vc_column][\/vc_column][\/vc_row][vc_row][vc_column][mk_padding_divider size=\u00bb75&#8243;][\/vc_column][\/vc_row][vc_row][vc_column][vc_column_text css=\u00bb.vc_custom_1668579216381{margin-bottom: 0px !important;}\u00bb]Travel Xperts es su soluci\u00f3n para todo el transporte terrestre, mantenemos una vasta red de afiliados en los Estados Unidos y Canad\u00e1. Elija entre sedanes, SUV, limusinas, vans y autobuses. Nuestro equipo de log\u00edstica se asegura de programar y coordinar servicio eficiente, professional y confiable.[\/vc_column_text][vc_column_text css=\u00bb.vc_custom_1668662942687{margin-bottom: 0px !important;}\u00bb]Operamos desde Houston, Texas, [&hellip;]\" \/>\n<meta property=\"og:url\" content=\"https:\/\/yourtravelxperts.com\/transportation\/\" \/>\n<meta property=\"og:site_name\" content=\"Travel Xperts\" \/>\n<meta property=\"article:publisher\" content=\"https:\/\/www.facebook.com\/travelxpertsTX\/\" \/>\n<meta property=\"article:modified_time\" content=\"2022-11-17T06:02:56+00:00\" \/>\n<meta property=\"og:image\" content=\"https:\/\/yourtravelxperts.com\/wp-content\/uploads\/2015\/10\/50_passengers.png\" \/>\n\t<meta property=\"og:image:width\" content=\"285\" \/>\n\t<meta property=\"og:image:height\" content=\"168\" \/>\n\t<meta property=\"og:image:type\" content=\"image\/png\" \/>\n<meta name=\"twitter:card\" content=\"summary_large_image\" \/>\n<meta name=\"twitter:label1\" content=\"Tiempo de lectura\" \/>\n\t<meta name=\"twitter:data1\" content=\"1 minuto\" \/>\n<script type=\"application\/ld+json\" class=\"yoast-schema-graph\">{\"@context\":\"https:\\\/\\\/schema.org\",\"@graph\":[{\"@type\":\"WebPage\",\"@id\":\"https:\\\/\\\/yourtravelxperts.com\\\/transportation\\\/\",\"url\":\"https:\\\/\\\/yourtravelxperts.com\\\/transportation\\\/\",\"name\":\"Transportaci\u00f3n - Travel Xperts\",\"isPartOf\":{\"@id\":\"https:\\\/\\\/yourtravelxperts.com\\\/#website\"},\"primaryImageOfPage\":{\"@id\":\"https:\\\/\\\/yourtravelxperts.com\\\/transportation\\\/#primaryimage\"},\"image\":{\"@id\":\"https:\\\/\\\/yourtravelxperts.com\\\/transportation\\\/#primaryimage\"},\"thumbnailUrl\":\"https:\\\/\\\/yourtravelxperts.com\\\/wp-content\\\/uploads\\\/2015\\\/10\\\/50_passengers.png\",\"datePublished\":\"2022-11-16T06:12:41+00:00\",\"dateModified\":\"2022-11-17T06:02:56+00:00\",\"breadcrumb\":{\"@id\":\"https:\\\/\\\/yourtravelxperts.com\\\/transportation\\\/#breadcrumb\"},\"inLanguage\":\"es\",\"potentialAction\":[{\"@type\":\"ReadAction\",\"target\":[\"https:\\\/\\\/yourtravelxperts.com\\\/transportation\\\/\"]}]},{\"@type\":\"ImageObject\",\"inLanguage\":\"es\",\"@id\":\"https:\\\/\\\/yourtravelxperts.com\\\/transportation\\\/#primaryimage\",\"url\":\"https:\\\/\\\/yourtravelxperts.com\\\/wp-content\\\/uploads\\\/2015\\\/10\\\/50_passengers.png\",\"contentUrl\":\"https:\\\/\\\/yourtravelxperts.com\\\/wp-content\\\/uploads\\\/2015\\\/10\\\/50_passengers.png\",\"width\":285,\"height\":168},{\"@type\":\"BreadcrumbList\",\"@id\":\"https:\\\/\\\/yourtravelxperts.com\\\/transportation\\\/#breadcrumb\",\"itemListElement\":[{\"@type\":\"ListItem\",\"position\":1,\"name\":\"Home\",\"item\":\"https:\\\/\\\/yourtravelxperts.com\\\/es\\\/\"},{\"@type\":\"ListItem\",\"position\":2,\"name\":\"Transportaci\u00f3n\"}]},{\"@type\":\"WebSite\",\"@id\":\"https:\\\/\\\/yourtravelxperts.com\\\/#website\",\"url\":\"https:\\\/\\\/yourtravelxperts.com\\\/\",\"name\":\"Travel Xperts\",\"description\":\"We are a tourism business based in Houston, Texas with over 20 years of experience in the industry.\",\"publisher\":{\"@id\":\"https:\\\/\\\/yourtravelxperts.com\\\/#organization\"},\"potentialAction\":[{\"@type\":\"SearchAction\",\"target\":{\"@type\":\"EntryPoint\",\"urlTemplate\":\"https:\\\/\\\/yourtravelxperts.com\\\/?s={search_term_string}\"},\"query-input\":{\"@type\":\"PropertyValueSpecification\",\"valueRequired\":true,\"valueName\":\"search_term_string\"}}],\"inLanguage\":\"es\"},{\"@type\":\"Organization\",\"@id\":\"https:\\\/\\\/yourtravelxperts.com\\\/#organization\",\"name\":\"Travel Xperts\",\"url\":\"https:\\\/\\\/yourtravelxperts.com\\\/\",\"logo\":{\"@type\":\"ImageObject\",\"inLanguage\":\"es\",\"@id\":\"https:\\\/\\\/yourtravelxperts.com\\\/#\\\/schema\\\/logo\\\/image\\\/\",\"url\":\"https:\\\/\\\/yourtravelxperts.com\\\/wp-content\\\/uploads\\\/2022\\\/09\\\/mobile.png\",\"contentUrl\":\"https:\\\/\\\/yourtravelxperts.com\\\/wp-content\\\/uploads\\\/2022\\\/09\\\/mobile.png\",\"width\":600,\"height\":200,\"caption\":\"Travel Xperts\"},\"image\":{\"@id\":\"https:\\\/\\\/yourtravelxperts.com\\\/#\\\/schema\\\/logo\\\/image\\\/\"},\"sameAs\":[\"https:\\\/\\\/www.facebook.com\\\/travelxpertsTX\\\/\"]}]}<\/script>\n<!-- \/ Yoast SEO plugin. -->","yoast_head_json":{"title":"Transportaci\u00f3n - Travel Xperts","robots":{"index":"index","follow":"follow","max-snippet":"max-snippet:-1","max-image-preview":"max-image-preview:large","max-video-preview":"max-video-preview:-1"},"canonical":"https:\/\/yourtravelxperts.com\/transportation\/","og_locale":"es_ES","og_type":"article","og_title":"Transportaci\u00f3n - Travel Xperts","og_description":"[vc_row][vc_column][\/vc_column][\/vc_row][vc_row][vc_column][mk_padding_divider size=\u00bb75&#8243;][\/vc_column][\/vc_row][vc_row][vc_column][vc_column_text css=\u00bb.vc_custom_1668579216381{margin-bottom: 0px !important;}\u00bb]Travel Xperts es su soluci\u00f3n para todo el transporte terrestre, mantenemos una vasta red de afiliados en los Estados Unidos y Canad\u00e1. Elija entre sedanes, SUV, limusinas, vans y autobuses. Nuestro equipo de log\u00edstica se asegura de programar y coordinar servicio eficiente, professional y confiable.[\/vc_column_text][vc_column_text css=\u00bb.vc_custom_1668662942687{margin-bottom: 0px !important;}\u00bb]Operamos desde Houston, Texas, [&hellip;]","og_url":"https:\/\/yourtravelxperts.com\/transportation\/","og_site_name":"Travel Xperts","article_publisher":"https:\/\/www.facebook.com\/travelxpertsTX\/","article_modified_time":"2022-11-17T06:02:56+00:00","og_image":[{"width":285,"height":168,"url":"https:\/\/yourtravelxperts.com\/wp-content\/uploads\/2015\/10\/50_passengers.png","type":"image\/png"}],"twitter_card":"summary_large_image","twitter_misc":{"Tiempo de lectura":"1 minuto"},"schema":{"@context":"https:\/\/schema.org","@graph":[{"@type":"WebPage","@id":"https:\/\/yourtravelxperts.com\/transportation\/","url":"https:\/\/yourtravelxperts.com\/transportation\/","name":"Transportaci\u00f3n - Travel Xperts","isPartOf":{"@id":"https:\/\/yourtravelxperts.com\/#website"},"primaryImageOfPage":{"@id":"https:\/\/yourtravelxperts.com\/transportation\/#primaryimage"},"image":{"@id":"https:\/\/yourtravelxperts.com\/transportation\/#primaryimage"},"thumbnailUrl":"https:\/\/yourtravelxperts.com\/wp-content\/uploads\/2015\/10\/50_passengers.png","datePublished":"2022-11-16T06:12:41+00:00","dateModified":"2022-11-17T06:02:56+00:00","breadcrumb":{"@id":"https:\/\/yourtravelxperts.com\/transportation\/#breadcrumb"},"inLanguage":"es","potentialAction":[{"@type":"ReadAction","target":["https:\/\/yourtravelxperts.com\/transportation\/"]}]},{"@type":"ImageObject","inLanguage":"es","@id":"https:\/\/yourtravelxperts.com\/transportation\/#primaryimage","url":"https:\/\/yourtravelxperts.com\/wp-content\/uploads\/2015\/10\/50_passengers.png","contentUrl":"https:\/\/yourtravelxperts.com\/wp-content\/uploads\/2015\/10\/50_passengers.png","width":285,"height":168},{"@type":"BreadcrumbList","@id":"https:\/\/yourtravelxperts.com\/transportation\/#breadcrumb","itemListElement":[{"@type":"ListItem","position":1,"name":"Home","item":"https:\/\/yourtravelxperts.com\/es\/"},{"@type":"ListItem","position":2,"name":"Transportaci\u00f3n"}]},{"@type":"WebSite","@id":"https:\/\/yourtravelxperts.com\/#website","url":"https:\/\/yourtravelxperts.com\/","name":"Travel Xperts","description":"We are a tourism business based in Houston, Texas with over 20 years of experience in the industry.","publisher":{"@id":"https:\/\/yourtravelxperts.com\/#organization"},"potentialAction":[{"@type":"SearchAction","target":{"@type":"EntryPoint","urlTemplate":"https:\/\/yourtravelxperts.com\/?s={search_term_string}"},"query-input":{"@type":"PropertyValueSpecification","valueRequired":true,"valueName":"search_term_string"}}],"inLanguage":"es"},{"@type":"Organization","@id":"https:\/\/yourtravelxperts.com\/#organization","name":"Travel Xperts","url":"https:\/\/yourtravelxperts.com\/","logo":{"@type":"ImageObject","inLanguage":"es","@id":"https:\/\/yourtravelxperts.com\/#\/schema\/logo\/image\/","url":"https:\/\/yourtravelxperts.com\/wp-content\/uploads\/2022\/09\/mobile.png","contentUrl":"https:\/\/yourtravelxperts.com\/wp-content\/uploads\/2022\/09\/mobile.png","width":600,"height":200,"caption":"Travel Xperts"},"image":{"@id":"https:\/\/yourtravelxperts.com\/#\/schema\/logo\/image\/"},"sameAs":["https:\/\/www.facebook.com\/travelxpertsTX\/"]}]}},"_links":{"self":[{"href":"https:\/\/yourtravelxperts.com\/es\/wp-json\/wp\/v2\/pages\/908","targetHints":{"allow":["GET"]}}],"collection":[{"href":"https:\/\/yourtravelxperts.com\/es\/wp-json\/wp\/v2\/pages"}],"about":[{"href":"https:\/\/yourtravelxperts.com\/es\/wp-json\/wp\/v2\/types\/page"}],"author":[{"embeddable":true,"href":"https:\/\/yourtravelxperts.com\/es\/wp-json\/wp\/v2\/users\/1"}],"replies":[{"embeddable":true,"href":"https:\/\/yourtravelxperts.com\/es\/wp-json\/wp\/v2\/comments?post=908"}],"version-history":[{"count":6,"href":"https:\/\/yourtravelxperts.com\/es\/wp-json\/wp\/v2\/pages\/908\/revisions"}],"predecessor-version":[{"id":1002,"href":"https:\/\/yourtravelxperts.com\/es\/wp-json\/wp\/v2\/pages\/908\/revisions\/1002"}],"wp:featuredmedia":[{"embeddable":true,"href":"https:\/\/yourtravelxperts.com\/es\/wp-json\/wp\/v2\/media\/253"}],"wp:attachment":[{"href":"https:\/\/yourtravelxperts.com\/es\/wp-json\/wp\/v2\/media?parent=908"}],"curies":[{"name":"wp","href":"https:\/\/api.w.org\/{rel}","templated":true}]}}