{"id":888,"date":"2022-11-16T06:08:11","date_gmt":"2022-11-16T06:08:11","guid":{"rendered":"https:\/\/yourtravelxperts.com\/servicios-dmc\/"},"modified":"2023-03-09T20:47:01","modified_gmt":"2023-03-09T20:47:01","slug":"servicios-mice","status":"publish","type":"page","link":"https:\/\/yourtravelxperts.com\/es\/servicios-mice\/","title":{"rendered":"Servicios MICE"},"content":{"rendered":"<div class=\"wpb-content-wrapper\">[vc_row][vc_column]\n\t\t\t<!-- START Servicios DMC REVOLUTION SLIDER 6.7.37 --><p class=\"rs-p-wp-fix\"><\/p>\n\t\t\t<rs-module-wrap id=\"rev_slider_11_1_wrapper\" data-source=\"gallery\" style=\"visibility:hidden;background:transparent;padding:0;margin:0px auto;margin-top:0;margin-bottom:0;\">\n\t\t\t\t<rs-module id=\"rev_slider_11_1\" style=\"\" data-version=\"6.7.37\">\n\t\t\t\t\t<rs-slides style=\"overflow: hidden; position: absolute;\">\n\t\t\t\t\t\t<rs-slide style=\"position: absolute;\" data-key=\"rs-15\" data-title=\"Slide\" data-in=\"o:0;\" data-out=\"a:false;\">\n\t\t\t\t\t\t\t<img decoding=\"async\" src=\"\/\/yourtravelxperts.com\/wp-content\/plugins\/revslider\/sr6\/assets\/assets\/dummy.png\" alt=\"\" title=\"dmc\" width=\"1920\" height=\"1080\" class=\"rev-slidebg tp-rs-img rs-lazyload\" data-lazyload=\"\/\/yourtravelxperts.com\/wp-content\/uploads\/2022\/11\/dmc.jpg\" data-panzoom=\"d:10000;ss:110%;se:100;\" data-no-retina>\n<!--\n\t\t\t\t\t\t\t--><rs-layer\n\t\t\t\t\t\t\t\tid=\"slider-11-slide-15-layer-0\" \n\t\t\t\t\t\t\t\tdata-type=\"text\"\n\t\t\t\t\t\t\t\tdata-color=\"#fff\"\n\t\t\t\t\t\t\t\tdata-tsh=\"c:#000000;v:5px,5px,5px,1px;b:30px,30px,30px,11px;\"\n\t\t\t\t\t\t\t\tdata-rsp_ch=\"on\"\n\t\t\t\t\t\t\t\tdata-xy=\"x:c;y:m;\"\n\t\t\t\t\t\t\t\tdata-text=\"w:normal;s:100,100,100,70;l:90,90,90,70;ls:-4,-4,-4,-2;fw:800;\"\n\t\t\t\t\t\t\t\tdata-dim=\"minh:0px,0px,0px,none;\"\n\t\t\t\t\t\t\t\tdata-frame_0=\"x:0,0,0,0px;y:50,50,50,97px;\"\n\t\t\t\t\t\t\t\tdata-frame_1=\"x:0,0,0,0px;y:0,0,0,0px;st:1000;sp:1500;sR:1500;\"\n\t\t\t\t\t\t\t\tdata-frame_999=\"o:0;st:w;sR:6500;\"\n\t\t\t\t\t\t\t\tstyle=\"z-index:5;font-family:'Poppins';\"\n\t\t\t\t\t\t\t>SERVICIOS MICE \n\t\t\t\t\t\t\t<\/rs-layer><!--\n-->\t\t\t\t\t<\/rs-slide>\n\t\t\t\t\t<\/rs-slides>\n\t\t\t\t<\/rs-module>\n\t\t\t\t<script>\n\t\t\t\t\tsetREVStartSize({c: 'rev_slider_11_1',rl:[1240,1240,1240,480],el:[900,900,900,720],gw:[1240,1240,1240,480],gh:[900,900,900,720],type:'standard',justify:'',layout:'fullwidth',mh:\"0\"});if (window.RS_MODULES!==undefined && window.RS_MODULES.modules!==undefined && window.RS_MODULES.modules[\"revslider111\"]!==undefined) {window.RS_MODULES.modules[\"revslider111\"].once = false;window.revapi11 = undefined;if (window.RS_MODULES.checkMinimal!==undefined) window.RS_MODULES.checkMinimal()}\n\t\t\t\t<\/script>\n\t\t\t<\/rs-module-wrap>\n\t\t\t<!-- END REVOLUTION SLIDER -->\n[\/vc_column][\/vc_row][vc_row][vc_column][mk_padding_divider size=\u00bb75&#8243; visibility=\u00bbhidden-sm\u00bb][mk_padding_divider size=\u00bb35&#8243; visibility=\u00bbvisible-sm\u00bb][\/vc_column][\/vc_row][vc_row][vc_column][vc_column_text css=\u00bb.vc_custom_1668578935503{margin-bottom: 0px !important;}\u00bb]<span style=\"font-size: 16pt;\">Travel Xperts es una empresa especializada en Grupos de Incentivos, Planeaci\u00f3n de Eventos y Servicios DMC, nuestros coordinadores se encuentran altamente capacitados para brindarle todo el apoyo necesario en cada uno de los detalles para que su evento sea todo un \u00e9xito y sobre todo supere todas las expectativas.<\/span>[\/vc_column_text][mk_padding_divider size=\u00bb35&#8243;][\/vc_column][\/vc_row][vc_row][vc_column][mk_fancy_title color=\u00bb#00628f\u00bb size=\u00bb40&#8243; font_weight=\u00bbbold\u00bb font_family=\u00bbnone\u00bb]MANEJAMOS[\/mk_fancy_title][\/vc_column][\/vc_row][vc_row][vc_column][mk_custom_list]\n<ul>\n<li>Grupos de incentivo<\/li>\n<li>Congresos<\/li>\n<li>Seminarios<\/li>\n<li>Excursiones escolares y culturales<\/li>\n<li>Excursiones de compras<\/li>\n<li>Eventos deportivos<\/li>\n<li>Eventos sociales<\/li>\n<li>Reservaci\u00f3n a eventos especiales<\/li>\n<li>Coordinaci\u00f3n de cursos especializados<\/li>\n<li>Producci\u00f3n y lanzamiento<\/li>\n<li>Bienvenida y coordinaci\u00f3n<\/li>\n<li>Hospedaje<\/li>\n<li>Transporte Ejecutivo<\/li>\n<li>Tours<\/li>\n<li>Restaurantes<\/li>\n<li>Traducci\u00f3n simult\u00e1nea y Multiling\u00fce<\/li>\n<li>Sistema de votaci\u00f3n electr\u00f3nica<\/li>\n<li>Elecci\u00f3n de regalos para invitados y\/o asistentes<\/li>\n<li>Apoyo administrativo y Asistencia telef\u00f3nica 24\/7 a organizadores del evento.<\/li>\n<\/ul>\n[\/mk_custom_list][\/vc_column][\/vc_row][vc_row][vc_column][mk_padding_divider][mk_fancy_title color=\u00bb#00628f\u00bb size=\u00bb40&#8243; force_font_size=\u00bbtrue\u00bb size_smallscreen=\u00bb38&#8243; size_tablet=\u00bb36&#8243; size_phone=\u00bb32&#8243; font_weight=\u00bbbold\u00bb font_family=\u00bbnone\u00bb]OPERAMOS EN HOUSTON, TEXAS Y MANEJAMOS DESTINOS EU, CANAD\u00c1 Y EL CARIBE[\/mk_fancy_title][\/vc_column][\/vc_row][vc_row][vc_column][mk_gallery images=\u00bb770,771,772,773,774,775,776,777,778,779,780,781,782,783,784,785,786,787&#8243; height=\u00bb350&#8243; item_spacing=\u00bb20&#8243;][\/vc_column][\/vc_row]\n<\/div>","protected":false},"excerpt":{"rendered":"<p>[vc_row][vc_column][\/vc_column][\/vc_row][vc_row][vc_column][mk_padding_divider size=\u00bb75&#8243; visibility=\u00bbhidden-sm\u00bb][mk_padding_divider size=\u00bb35&#8243; visibility=\u00bbvisible-sm\u00bb][\/vc_column][\/vc_row][vc_row][vc_column][vc_column_text css=\u00bb.vc_custom_1668578935503{margin-bottom: 0px !important;}\u00bb]Travel Xperts es una empresa especializada en Grupos de Incentivos, Planeaci\u00f3n de Eventos y Servicios DMC, nuestros coordinadores se encuentran altamente capacitados para brindarle todo el apoyo necesario en cada uno de los detalles para que su evento sea todo un \u00e9xito y sobre todo supere todas las [&hellip;]<\/p>\n","protected":false},"author":1,"featured_media":0,"parent":0,"menu_order":0,"comment_status":"closed","ping_status":"closed","template":"","meta":{"footnotes":""},"class_list":["post-888","page","type-page","status-publish","hentry"],"yoast_head":"<!-- This site is optimized with the Yoast SEO plugin v27.4 - https:\/\/yoast.com\/product\/yoast-seo-wordpress\/ -->\n<title>Servicios MICE - Travel Xperts<\/title>\n<meta name=\"robots\" content=\"index, follow, max-snippet:-1, max-image-preview:large, max-video-preview:-1\" \/>\n<link rel=\"canonical\" href=\"https:\/\/yourtravelxperts.com\/mice-services\/\" \/>\n<meta property=\"og:locale\" content=\"es_ES\" \/>\n<meta property=\"og:type\" content=\"article\" \/>\n<meta property=\"og:title\" content=\"Servicios MICE - Travel Xperts\" \/>\n<meta property=\"og:description\" content=\"[vc_row][vc_column][\/vc_column][\/vc_row][vc_row][vc_column][mk_padding_divider size=\u00bb75&#8243; visibility=\u00bbhidden-sm\u00bb][mk_padding_divider size=\u00bb35&#8243; visibility=\u00bbvisible-sm\u00bb][\/vc_column][\/vc_row][vc_row][vc_column][vc_column_text css=\u00bb.vc_custom_1668578935503{margin-bottom: 0px !important;}\u00bb]Travel Xperts es una empresa especializada en Grupos de Incentivos, Planeaci\u00f3n de Eventos y Servicios DMC, nuestros coordinadores se encuentran altamente capacitados para brindarle todo el apoyo necesario en cada uno de los detalles para que su evento sea todo un \u00e9xito y sobre todo supere todas las [&hellip;]\" \/>\n<meta property=\"og:url\" content=\"https:\/\/yourtravelxperts.com\/mice-services\/\" \/>\n<meta property=\"og:site_name\" content=\"Travel Xperts\" \/>\n<meta property=\"article:publisher\" content=\"https:\/\/www.facebook.com\/travelxpertsTX\/\" \/>\n<meta property=\"article:modified_time\" content=\"2023-03-09T20:47:01+00:00\" \/>\n<meta name=\"twitter:card\" content=\"summary_large_image\" \/>\n<meta name=\"twitter:label1\" content=\"Tiempo de lectura\" \/>\n\t<meta name=\"twitter:data1\" content=\"1 minuto\" \/>\n<script type=\"application\/ld+json\" class=\"yoast-schema-graph\">{\"@context\":\"https:\\\/\\\/schema.org\",\"@graph\":[{\"@type\":\"WebPage\",\"@id\":\"https:\\\/\\\/yourtravelxperts.com\\\/mice-services\\\/\",\"url\":\"https:\\\/\\\/yourtravelxperts.com\\\/mice-services\\\/\",\"name\":\"Servicios MICE - Travel Xperts\",\"isPartOf\":{\"@id\":\"https:\\\/\\\/yourtravelxperts.com\\\/#website\"},\"datePublished\":\"2022-11-16T06:08:11+00:00\",\"dateModified\":\"2023-03-09T20:47:01+00:00\",\"breadcrumb\":{\"@id\":\"https:\\\/\\\/yourtravelxperts.com\\\/mice-services\\\/#breadcrumb\"},\"inLanguage\":\"es\",\"potentialAction\":[{\"@type\":\"ReadAction\",\"target\":[\"https:\\\/\\\/yourtravelxperts.com\\\/mice-services\\\/\"]}]},{\"@type\":\"BreadcrumbList\",\"@id\":\"https:\\\/\\\/yourtravelxperts.com\\\/mice-services\\\/#breadcrumb\",\"itemListElement\":[{\"@type\":\"ListItem\",\"position\":1,\"name\":\"Home\",\"item\":\"https:\\\/\\\/yourtravelxperts.com\\\/es\\\/\"},{\"@type\":\"ListItem\",\"position\":2,\"name\":\"Servicios MICE\"}]},{\"@type\":\"WebSite\",\"@id\":\"https:\\\/\\\/yourtravelxperts.com\\\/#website\",\"url\":\"https:\\\/\\\/yourtravelxperts.com\\\/\",\"name\":\"Travel Xperts\",\"description\":\"We are a tourism business based in Houston, Texas with over 20 years of experience in the industry.\",\"publisher\":{\"@id\":\"https:\\\/\\\/yourtravelxperts.com\\\/#organization\"},\"potentialAction\":[{\"@type\":\"SearchAction\",\"target\":{\"@type\":\"EntryPoint\",\"urlTemplate\":\"https:\\\/\\\/yourtravelxperts.com\\\/?s={search_term_string}\"},\"query-input\":{\"@type\":\"PropertyValueSpecification\",\"valueRequired\":true,\"valueName\":\"search_term_string\"}}],\"inLanguage\":\"es\"},{\"@type\":\"Organization\",\"@id\":\"https:\\\/\\\/yourtravelxperts.com\\\/#organization\",\"name\":\"Travel Xperts\",\"url\":\"https:\\\/\\\/yourtravelxperts.com\\\/\",\"logo\":{\"@type\":\"ImageObject\",\"inLanguage\":\"es\",\"@id\":\"https:\\\/\\\/yourtravelxperts.com\\\/#\\\/schema\\\/logo\\\/image\\\/\",\"url\":\"https:\\\/\\\/yourtravelxperts.com\\\/wp-content\\\/uploads\\\/2022\\\/09\\\/mobile.png\",\"contentUrl\":\"https:\\\/\\\/yourtravelxperts.com\\\/wp-content\\\/uploads\\\/2022\\\/09\\\/mobile.png\",\"width\":600,\"height\":200,\"caption\":\"Travel Xperts\"},\"image\":{\"@id\":\"https:\\\/\\\/yourtravelxperts.com\\\/#\\\/schema\\\/logo\\\/image\\\/\"},\"sameAs\":[\"https:\\\/\\\/www.facebook.com\\\/travelxpertsTX\\\/\"]}]}<\/script>\n<!-- \/ Yoast SEO plugin. -->","yoast_head_json":{"title":"Servicios MICE - Travel Xperts","robots":{"index":"index","follow":"follow","max-snippet":"max-snippet:-1","max-image-preview":"max-image-preview:large","max-video-preview":"max-video-preview:-1"},"canonical":"https:\/\/yourtravelxperts.com\/mice-services\/","og_locale":"es_ES","og_type":"article","og_title":"Servicios MICE - Travel Xperts","og_description":"[vc_row][vc_column][\/vc_column][\/vc_row][vc_row][vc_column][mk_padding_divider size=\u00bb75&#8243; visibility=\u00bbhidden-sm\u00bb][mk_padding_divider size=\u00bb35&#8243; visibility=\u00bbvisible-sm\u00bb][\/vc_column][\/vc_row][vc_row][vc_column][vc_column_text css=\u00bb.vc_custom_1668578935503{margin-bottom: 0px !important;}\u00bb]Travel Xperts es una empresa especializada en Grupos de Incentivos, Planeaci\u00f3n de Eventos y Servicios DMC, nuestros coordinadores se encuentran altamente capacitados para brindarle todo el apoyo necesario en cada uno de los detalles para que su evento sea todo un \u00e9xito y sobre todo supere todas las [&hellip;]","og_url":"https:\/\/yourtravelxperts.com\/mice-services\/","og_site_name":"Travel Xperts","article_publisher":"https:\/\/www.facebook.com\/travelxpertsTX\/","article_modified_time":"2023-03-09T20:47:01+00:00","twitter_card":"summary_large_image","twitter_misc":{"Tiempo de lectura":"1 minuto"},"schema":{"@context":"https:\/\/schema.org","@graph":[{"@type":"WebPage","@id":"https:\/\/yourtravelxperts.com\/mice-services\/","url":"https:\/\/yourtravelxperts.com\/mice-services\/","name":"Servicios MICE - Travel Xperts","isPartOf":{"@id":"https:\/\/yourtravelxperts.com\/#website"},"datePublished":"2022-11-16T06:08:11+00:00","dateModified":"2023-03-09T20:47:01+00:00","breadcrumb":{"@id":"https:\/\/yourtravelxperts.com\/mice-services\/#breadcrumb"},"inLanguage":"es","potentialAction":[{"@type":"ReadAction","target":["https:\/\/yourtravelxperts.com\/mice-services\/"]}]},{"@type":"BreadcrumbList","@id":"https:\/\/yourtravelxperts.com\/mice-services\/#breadcrumb","itemListElement":[{"@type":"ListItem","position":1,"name":"Home","item":"https:\/\/yourtravelxperts.com\/es\/"},{"@type":"ListItem","position":2,"name":"Servicios MICE"}]},{"@type":"WebSite","@id":"https:\/\/yourtravelxperts.com\/#website","url":"https:\/\/yourtravelxperts.com\/","name":"Travel Xperts","description":"We are a tourism business based in Houston, Texas with over 20 years of experience in the industry.","publisher":{"@id":"https:\/\/yourtravelxperts.com\/#organization"},"potentialAction":[{"@type":"SearchAction","target":{"@type":"EntryPoint","urlTemplate":"https:\/\/yourtravelxperts.com\/?s={search_term_string}"},"query-input":{"@type":"PropertyValueSpecification","valueRequired":true,"valueName":"search_term_string"}}],"inLanguage":"es"},{"@type":"Organization","@id":"https:\/\/yourtravelxperts.com\/#organization","name":"Travel Xperts","url":"https:\/\/yourtravelxperts.com\/","logo":{"@type":"ImageObject","inLanguage":"es","@id":"https:\/\/yourtravelxperts.com\/#\/schema\/logo\/image\/","url":"https:\/\/yourtravelxperts.com\/wp-content\/uploads\/2022\/09\/mobile.png","contentUrl":"https:\/\/yourtravelxperts.com\/wp-content\/uploads\/2022\/09\/mobile.png","width":600,"height":200,"caption":"Travel Xperts"},"image":{"@id":"https:\/\/yourtravelxperts.com\/#\/schema\/logo\/image\/"},"sameAs":["https:\/\/www.facebook.com\/travelxpertsTX\/"]}]}},"_links":{"self":[{"href":"https:\/\/yourtravelxperts.com\/es\/wp-json\/wp\/v2\/pages\/888","targetHints":{"allow":["GET"]}}],"collection":[{"href":"https:\/\/yourtravelxperts.com\/es\/wp-json\/wp\/v2\/pages"}],"about":[{"href":"https:\/\/yourtravelxperts.com\/es\/wp-json\/wp\/v2\/types\/page"}],"author":[{"embeddable":true,"href":"https:\/\/yourtravelxperts.com\/es\/wp-json\/wp\/v2\/users\/1"}],"replies":[{"embeddable":true,"href":"https:\/\/yourtravelxperts.com\/es\/wp-json\/wp\/v2\/comments?post=888"}],"version-history":[{"count":3,"href":"https:\/\/yourtravelxperts.com\/es\/wp-json\/wp\/v2\/pages\/888\/revisions"}],"predecessor-version":[{"id":1018,"href":"https:\/\/yourtravelxperts.com\/es\/wp-json\/wp\/v2\/pages\/888\/revisions\/1018"}],"wp:attachment":[{"href":"https:\/\/yourtravelxperts.com\/es\/wp-json\/wp\/v2\/media?parent=888"}],"curies":[{"name":"wp","href":"https:\/\/api.w.org\/{rel}","templated":true}]}}