{"id":868,"date":"2015-10-28T02:27:33","date_gmt":"2015-10-28T02:27:33","guid":{"rendered":"https:\/\/yourtravelxperts.com\/houston\/"},"modified":"2022-11-17T12:39:46","modified_gmt":"2022-11-17T12:39:46","slug":"houston","status":"publish","type":"page","link":"https:\/\/yourtravelxperts.com\/es\/houston\/","title":{"rendered":"Houston"},"content":{"rendered":"<div class=\"wpb-content-wrapper\">[vc_row][vc_column]\n\t\t\t<!-- START Houston REVOLUTION SLIDER 6.7.37 --><p class=\"rs-p-wp-fix\"><\/p>\n\t\t\t<rs-module-wrap id=\"rev_slider_2_1_wrapper\" data-source=\"gallery\" style=\"visibility:hidden;background:transparent;padding:0;margin:0px auto;margin-top:0;margin-bottom:0;\">\n\t\t\t\t<rs-module id=\"rev_slider_2_1\" style=\"\" data-version=\"6.7.37\">\n\t\t\t\t\t<rs-slides style=\"overflow: hidden; position: absolute;\">\n\t\t\t\t\t\t<rs-slide style=\"position: absolute;\" data-key=\"rs-6\" data-title=\"Slide\" data-in=\"o:0;\" data-out=\"a:false;\">\n\t\t\t\t\t\t\t<img decoding=\"async\" src=\"\/\/yourtravelxperts.com\/wp-content\/plugins\/revslider\/sr6\/assets\/assets\/dummy.png\" alt=\"\" title=\"water\" width=\"1920\" height=\"1080\" class=\"rev-slidebg tp-rs-img rs-lazyload\" data-lazyload=\"\/\/yourtravelxperts.com\/wp-content\/uploads\/2022\/11\/water.jpg\" data-panzoom=\"d:10000;ss:110%;se:100;\" data-no-retina>\n<!--\n\t\t\t\t\t\t\t--><rs-layer\n\t\t\t\t\t\t\t\tid=\"slider-2-slide-6-layer-0\" \n\t\t\t\t\t\t\t\tdata-type=\"text\"\n\t\t\t\t\t\t\t\tdata-color=\"#fff\"\n\t\t\t\t\t\t\t\tdata-tsh=\"c:#000000;v:5px,5px,5px,1px;b:30px,30px,30px,11px;\"\n\t\t\t\t\t\t\t\tdata-rsp_ch=\"on\"\n\t\t\t\t\t\t\t\tdata-xy=\"x:c;y:m;\"\n\t\t\t\t\t\t\t\tdata-text=\"w:normal;s:100,100,100,70;l:90,90,90,70;ls:-4,-4,-4,-2;fw:800;\"\n\t\t\t\t\t\t\t\tdata-dim=\"minh:0px,0px,0px,none;\"\n\t\t\t\t\t\t\t\tdata-frame_0=\"x:0,0,0,0px;y:50,50,50,97px;\"\n\t\t\t\t\t\t\t\tdata-frame_1=\"x:0,0,0,0px;y:0,0,0,0px;st:1000;sp:1500;sR:1500;\"\n\t\t\t\t\t\t\t\tdata-frame_999=\"o:0;st:w;sR:6500;\"\n\t\t\t\t\t\t\t\tstyle=\"z-index:5;font-family:'Poppins';\"\n\t\t\t\t\t\t\t>HOUSTON \n\t\t\t\t\t\t\t<\/rs-layer><!--\n-->\t\t\t\t\t<\/rs-slide>\n\t\t\t\t\t<\/rs-slides>\n\t\t\t\t<\/rs-module>\n\t\t\t\t<script>\n\t\t\t\t\tsetREVStartSize({c: 'rev_slider_2_1',rl:[1240,1240,1240,480],el:[900,900,900,720],gw:[1240,1240,1240,480],gh:[900,900,900,720],type:'standard',justify:'',layout:'fullwidth',mh:\"0\"});if (window.RS_MODULES!==undefined && window.RS_MODULES.modules!==undefined && window.RS_MODULES.modules[\"revslider21\"]!==undefined) {window.RS_MODULES.modules[\"revslider21\"].once = false;window.revapi2 = undefined;if (window.RS_MODULES.checkMinimal!==undefined) window.RS_MODULES.checkMinimal()}\n\t\t\t\t<\/script>\n\t\t\t<\/rs-module-wrap>\n\t\t\t<!-- END REVOLUTION SLIDER -->\n[\/vc_column][\/vc_row][vc_row][vc_column][mk_padding_divider size=\u00bb75&#8243;][vc_custom_heading text=\u00bb\u00bfNEGOCIOS&#8230; PLACER&#8230; COMPRAS?\u00bb font_container=\u00bbtag:h2|font_size:50|text_align:center|color:%2300628f\u00bb google_fonts=\u00bbfont_family:Oswald%3A300%2Cregular%2C700|font_style:400%20regular%3A400%3Anormal\u00bb][vc_custom_heading text=\u00bbPERMITA A LOS XPERTOS MOSTRARLE LOS SITIOS M\u00c1S \u00a1SIMBOLICOS Y ATRACTIVOS DE HOUSTON!\u00bb font_container=\u00bbtag:h2|font_size:28|text_align:center|color:%2300628f\u00bb google_fonts=\u00bbfont_family:Oswald%3A300%2Cregular%2C700|font_style:400%20regular%3A400%3Anormal\u00bb][mk_padding_divider size=\u00bb75&#8243;][\/vc_column][\/vc_row][vc_row][vc_column][vc_column_text][\/vc_column_text][\/vc_column][\/vc_row][vc_row][vc_column width=\u00bb2\/3&#8243;][vc_column_text css=\u00bb.vc_custom_1668578546004{margin-bottom: 0px !important;}\u00bb]\n<h2>Tour 1<br \/>\nCity Tour<\/h2>\n<h3>Adulto $45<\/h3>\n<p>Este recorrido dura seis (3) horas e incluye solo transportaci\u00f3n.<\/p>\n<p>Te mostrar\u00e1 los lugares m\u00e1s atractivos y simb\u00f3licos de Houston. Dentro de estos sitios podr\u00e1s admirar lo siguiente: Uno de los murales m\u00e1s populares de Houston, el Distrito de los Museos, el Distrito de los Teatros, los Estadios de la Ciudad, el Centro M\u00e9dico m\u00e1s grande del mundo, la prestigiosa Universidad de Rice, la exclusiva zona residencial River Oaks y The Water Wall cerca del centro comercial Galleria.[\/vc_column_text][\/vc_column][vc_column width=\u00bb1\/3&#8243;][mk_image src=\u00bbhttps:\/\/yourtravelxperts.com\/wp-content\/uploads\/2022\/11\/houston-city2.jpg\u00bb image_width=\u00bb192&#8243; image_height=\u00bb188&#8243; frame_style=\u00bbshadow_only\u00bb align=\u00bbcenter\u00bb crop=\u00bbfalse\u00bb][\/vc_column][\/vc_row][vc_row][vc_column][vc_empty_space height=\u00bb15px\u00bb][vc_separator border_width=\u00bb2&#8243;][vc_empty_space height=\u00bb15px\u00bb][\/vc_column][\/vc_row][vc_row][vc_column width=\u00bb2\/3&#8243;][vc_column_text css=\u00bb.vc_custom_1668578578672{margin-bottom: 0px !important;}\u00bb]\n<h2>Tour 2<br \/>\nNASA<\/h2>\n<h3>Adulto $65<\/h3>\n<p>Este recorrido dura seis (6) horas e incluye transportaci\u00f3n y boleto de admisi\u00f3n.<\/p>\n<p>Johnson Space Center Houston, ofrece a sus visitantes infinidades de experiencias espaciales. Este parque muestra naves espaciales, simuladores de vuelos, as\u00ed como un recorrido en tranv\u00eda por las instalaciones de la NASA y el centro de control de misiones, centro de capacitaci\u00f3n de astronautas y Rocket Park parque donde se exhibe el Saturno V. Tambi\u00e9n encontraras muchas novedades como Independence Plaza, agendar un lunch con un astronauta o hasta la exclusiva experiencia de ir detr\u00e1s de los controles.[\/vc_column_text][\/vc_column][vc_column width=\u00bb1\/3&#8243;][mk_image src=\u00bbhttps:\/\/yourtravelxperts.com\/wp-content\/uploads\/2015\/10\/cnasa.jpg\u00bb image_width=\u00bb192&#8243; image_height=\u00bb188&#8243; frame_style=\u00bbshadow_only\u00bb align=\u00bbcenter\u00bb crop=\u00bbfalse\u00bb][\/vc_column][\/vc_row][vc_row][vc_column][vc_empty_space height=\u00bb15px\u00bb][vc_separator border_width=\u00bb2&#8243;][vc_empty_space height=\u00bb15px\u00bb][\/vc_column][\/vc_row][vc_row][vc_column width=\u00bb2\/3&#8243;][vc_column_text css=\u00bb.vc_custom_1668578621414{margin-bottom: 0px !important;}\u00bb]\n<div class=\"art-layout-cell responsive-tablet-layout-cell\">\n<h2>Tour 3<br \/>\nShopping Tours<\/h2>\n<h3>$35<\/h3>\n<p>Houston Premium Outlets, Katy Mills Mall o Tanger Outlets.<\/p>\n<p>Este recorrido dura seis (6) horas e incluye transportaci\u00f3n, libreta de cupones, informacion y asesoramiento sobre reembolso de impuestos \u201cTax Free Shopping\u201d. Todos los centros comerciales ofrecen un sinf\u00edn de tiendas de descuento, as\u00ed como de marcas de dise\u00f1ador y de renombre internacional.<\/p>\n<\/div>\n[\/vc_column_text][\/vc_column][vc_column width=\u00bb1\/3&#8243;][mk_image src=\u00bbhttps:\/\/yourtravelxperts.com\/wp-content\/uploads\/2022\/11\/shooping.jpg\u00bb image_width=\u00bb192&#8243; image_height=\u00bb188&#8243; frame_style=\u00bbshadow_only\u00bb align=\u00bbcenter\u00bb crop=\u00bbfalse\u00bb][\/vc_column][\/vc_row][vc_row][vc_column][vc_empty_space height=\u00bb15px\u00bb][vc_separator border_width=\u00bb2&#8243;][vc_empty_space height=\u00bb15px\u00bb][\/vc_column][\/vc_row][vc_row][vc_column width=\u00bb2\/3&#8243;][vc_column_text css=\u00bb.vc_custom_1668578662178{margin-bottom: 0px !important;}\u00bb]\n<div class=\"art-layout-cell responsive-tablet-layout-cell\">\n<h2>Tour 4<br \/>\nGeorge Ranch<\/h2>\n<h3>$65 POR PERSONA, MARTES A JUEVES<\/h3>\n<p>Este recorrido dura seis (6) horas e incluye transporte y admisi\u00f3n.<\/p>\n<p>Este punto hist\u00f3rico de 162 hect\u00e1reas de terreno, con m\u00e1s de 100 a\u00f1os de historia de Texas, ofrece experiencias pr\u00e1cticas y presenta int\u00e9rpretes hist\u00f3ricos ataviados a la usanza de la \u00e9poca. Hoy en d\u00eda, el George Ranch es un rancho de historia viviente<\/p>\n<\/div>\n[\/vc_column_text][\/vc_column][vc_column width=\u00bb1\/3&#8243;][mk_image src=\u00bbhttps:\/\/yourtravelxperts.com\/wp-content\/uploads\/2015\/10\/cgeroge.jpg\u00bb image_width=\u00bb192&#8243; image_height=\u00bb188&#8243; frame_style=\u00bbshadow_only\u00bb align=\u00bbcenter\u00bb crop=\u00bbfalse\u00bb][\/vc_column][\/vc_row][vc_row][vc_column][vc_empty_space height=\u00bb15px\u00bb][vc_separator border_width=\u00bb2&#8243;][vc_empty_space height=\u00bb15px\u00bb][\/vc_column][\/vc_row][vc_row][vc_column width=\u00bb2\/3&#8243;][vc_column_text css=\u00bb.vc_custom_1668578695674{margin-bottom: 0px !important;}\u00bb]\n<div class=\"art-layout-cell responsive-tablet-layout-cell\">\n<h2>Tour 5<br \/>\nGalveston Island<\/h2>\n<h3>ADULTOS $45, NI\u00d1OS MENORES DE 10 A\u00d1OS $40<\/h3>\n<p>Este recorrido dura seis (6) horas e incluye transporte solamente.<\/p>\n<p>Galveston ofrece una atm\u00f3sfera relajante con m\u00e1s de 32 millas de playas, as\u00ed como amplia variedad de restaurantes, hoteles, resorts, casas residenciales de arquitectura victorianas, amplia gama de tiendas de antig\u00fcedades, parques acu\u00e1ticos y un sin fin de atracciones para toda la familia<\/p>\n<\/div>\n[\/vc_column_text][\/vc_column][vc_column width=\u00bb1\/3&#8243;][mk_image src=\u00bbhttps:\/\/yourtravelxperts.com\/wp-content\/uploads\/2015\/10\/galveston.jpg\u00bb image_width=\u00bb192&#8243; image_height=\u00bb188&#8243; frame_style=\u00bbshadow_only\u00bb align=\u00bbcenter\u00bb crop=\u00bbfalse\u00bb][\/vc_column][\/vc_row][vc_row][vc_column][vc_empty_space height=\u00bb15px\u00bb][vc_separator border_width=\u00bb2&#8243;][vc_empty_space height=\u00bb15px\u00bb][\/vc_column][\/vc_row][vc_row][vc_column width=\u00bb2\/3&#8243;][vc_column_text css=\u00bb.vc_custom_1668185717224{margin-bottom: 0px !important;}\u00bb]\n<div class=\"art-layout-cell responsive-tablet-layout-cell\">\n<h2>Tour 6<br \/>\nSan Jacinto Monument \/ Texas Battleship<\/h2>\n<h3>$60 PER PERSON \u2013 DAILY<\/h3>\n<p>This tour lasts six (6) hours and includes transportation only.<\/p>\n<p>Experience the world\u2019s tallest monument tower. Witness revolution in the Jesse H. Jones Theatre for Texas Studies. Discover our nation\u2019s past among the museum\u2019s exhibits and antiques. Walk the battlefield that gave birth to the American West.<\/p>\n<\/div>\n[\/vc_column_text][\/vc_column][vc_column width=\u00bb1\/3&#8243;][mk_image src=\u00bbhttps:\/\/yourtravelxperts.com\/wp-content\/uploads\/2015\/10\/pnavi.jpg\u00bb image_width=\u00bb192&#8243; image_height=\u00bb188&#8243; frame_style=\u00bbshadow_only\u00bb align=\u00bbcenter\u00bb crop=\u00bbfalse\u00bb][\/vc_column][\/vc_row][vc_row][vc_column][vc_empty_space height=\u00bb15px\u00bb][vc_separator border_width=\u00bb2&#8243;][vc_empty_space height=\u00bb15px\u00bb][\/vc_column][\/vc_row][vc_row][vc_column width=\u00bb2\/3&#8243;][vc_column_text css=\u00bb.vc_custom_1668578744605{margin-bottom: 0px !important;}\u00bb]\n<div class=\"art-layout-cell responsive-tablet-layout-cell\">\n<h2>Tour 7<br \/>\nSan Antonio<\/h2>\n<h3>$100 POR PERSONA<\/h3>\n<p>Este recorrido dura doce (12) horas e incluye transporte solamente.<\/p>\n<p>Perm\u00edtanos mostrarle San Antonio, la ciudad m\u00e1s tur\u00edstica del estado de Texas. Durante este recorrido tendr\u00e1 la oportunidad de visitar el famoso y atractivo River Walk, El Hist\u00f3rico Alamo, tour del rio atraves de g\u00f3ndolas, as\u00ed como otros atractivos que ofrece esta ciudad.<\/p>\n<\/div>\n[\/vc_column_text][\/vc_column][vc_column width=\u00bb1\/3&#8243;][mk_image src=\u00bbhttp:\/\/hgstravel.com\/wp-content\/uploads\/2015\/10\/sanantonio.jpg\u00bb image_width=\u00bb192&#8243; image_height=\u00bb188&#8243; frame_style=\u00bbshadow_only\u00bb align=\u00bbcenter\u00bb crop=\u00bbfalse\u00bb][\/vc_column][\/vc_row][vc_row][vc_column][mk_fancy_title tag_name=\u00bbh3&#8243; font_family=\u00bbnone\u00bb align=\u00bbcenter\u00bb]Pick up points: Galleria &amp; Downtown area Hotels[\/mk_fancy_title][\/vc_column][\/vc_row][vc_row][vc_column][mk_gallery images=\u00bb789,790,791,792,793,794,795,796,797,798,799,800,801,802,803,804,805,806,987,989,991&#8243; height=\u00bb350&#8243; item_spacing=\u00bb20&#8243;][\/vc_column][\/vc_row]\n<\/div>","protected":false},"excerpt":{"rendered":"<p>[vc_row][vc_column][\/vc_column][\/vc_row][vc_row][vc_column][mk_padding_divider size=\u00bb75&#8243;][vc_custom_heading text=\u00bb\u00bfNEGOCIOS&#8230; PLACER&#8230; COMPRAS?\u00bb font_container=\u00bbtag:h2|font_size:50|text_align:center|color:%2300628f\u00bb google_fonts=\u00bbfont_family:Oswald%3A300%2Cregular%2C700|font_style:400%20regular%3A400%3Anormal\u00bb][vc_custom_heading text=\u00bbPERMITA A LOS XPERTOS MOSTRARLE LOS SITIOS M\u00c1S \u00a1SIMBOLICOS Y ATRACTIVOS DE HOUSTON!\u00bb font_container=\u00bbtag:h2|font_size:28|text_align:center|color:%2300628f\u00bb google_fonts=\u00bbfont_family:Oswald%3A300%2Cregular%2C700|font_style:400%20regular%3A400%3Anormal\u00bb][mk_padding_divider size=\u00bb75&#8243;][\/vc_column][\/vc_row][vc_row][vc_column][vc_column_text][\/vc_column_text][\/vc_column][\/vc_row][vc_row][vc_column width=\u00bb2\/3&#8243;][vc_column_text css=\u00bb.vc_custom_1668578546004{margin-bottom: 0px !important;}\u00bb] Tour 1 City Tour Adulto $45 Este recorrido dura seis (3) horas e incluye solo transportaci\u00f3n. Te mostrar\u00e1 los lugares m\u00e1s atractivos y simb\u00f3licos de Houston. Dentro de [&hellip;]<\/p>\n","protected":false},"author":1,"featured_media":0,"parent":0,"menu_order":0,"comment_status":"closed","ping_status":"closed","template":"","meta":{"footnotes":""},"class_list":["post-868","page","type-page","status-publish","hentry"],"yoast_head":"<!-- This site is optimized with the Yoast SEO plugin v27.4 - https:\/\/yoast.com\/product\/yoast-seo-wordpress\/ -->\n<title>Houston - Travel Xperts<\/title>\n<meta name=\"robots\" content=\"index, follow, max-snippet:-1, max-image-preview:large, max-video-preview:-1\" \/>\n<link rel=\"canonical\" href=\"https:\/\/yourtravelxperts.com\/houston\/\" \/>\n<meta property=\"og:locale\" content=\"es_ES\" \/>\n<meta property=\"og:type\" content=\"article\" \/>\n<meta property=\"og:title\" content=\"Houston - Travel Xperts\" \/>\n<meta property=\"og:description\" content=\"[vc_row][vc_column][\/vc_column][\/vc_row][vc_row][vc_column][mk_padding_divider size=\u00bb75&#8243;][vc_custom_heading text=\u00bb\u00bfNEGOCIOS&#8230; PLACER&#8230; COMPRAS?\u00bb font_container=\u00bbtag:h2|font_size:50|text_align:center|color:%2300628f\u00bb google_fonts=\u00bbfont_family:Oswald%3A300%2Cregular%2C700|font_style:400%20regular%3A400%3Anormal\u00bb][vc_custom_heading text=\u00bbPERMITA A LOS XPERTOS MOSTRARLE LOS SITIOS M\u00c1S \u00a1SIMBOLICOS Y ATRACTIVOS DE HOUSTON!\u00bb font_container=\u00bbtag:h2|font_size:28|text_align:center|color:%2300628f\u00bb google_fonts=\u00bbfont_family:Oswald%3A300%2Cregular%2C700|font_style:400%20regular%3A400%3Anormal\u00bb][mk_padding_divider size=\u00bb75&#8243;][\/vc_column][\/vc_row][vc_row][vc_column][vc_column_text][\/vc_column_text][\/vc_column][\/vc_row][vc_row][vc_column width=\u00bb2\/3&#8243;][vc_column_text css=\u00bb.vc_custom_1668578546004{margin-bottom: 0px !important;}\u00bb] Tour 1 City Tour Adulto $45 Este recorrido dura seis (3) horas e incluye solo transportaci\u00f3n. Te mostrar\u00e1 los lugares m\u00e1s atractivos y simb\u00f3licos de Houston. Dentro de [&hellip;]\" \/>\n<meta property=\"og:url\" content=\"https:\/\/yourtravelxperts.com\/houston\/\" \/>\n<meta property=\"og:site_name\" content=\"Travel Xperts\" \/>\n<meta property=\"article:publisher\" content=\"https:\/\/www.facebook.com\/travelxpertsTX\/\" \/>\n<meta property=\"article:modified_time\" content=\"2022-11-17T12:39:46+00:00\" \/>\n<meta name=\"twitter:card\" content=\"summary_large_image\" \/>\n<meta name=\"twitter:label1\" content=\"Tiempo de lectura\" \/>\n\t<meta name=\"twitter:data1\" content=\"3 minutos\" \/>\n<script type=\"application\/ld+json\" class=\"yoast-schema-graph\">{\"@context\":\"https:\\\/\\\/schema.org\",\"@graph\":[{\"@type\":\"WebPage\",\"@id\":\"https:\\\/\\\/yourtravelxperts.com\\\/houston\\\/\",\"url\":\"https:\\\/\\\/yourtravelxperts.com\\\/houston\\\/\",\"name\":\"Houston - Travel Xperts\",\"isPartOf\":{\"@id\":\"https:\\\/\\\/yourtravelxperts.com\\\/#website\"},\"datePublished\":\"2015-10-28T02:27:33+00:00\",\"dateModified\":\"2022-11-17T12:39:46+00:00\",\"breadcrumb\":{\"@id\":\"https:\\\/\\\/yourtravelxperts.com\\\/houston\\\/#breadcrumb\"},\"inLanguage\":\"es\",\"potentialAction\":[{\"@type\":\"ReadAction\",\"target\":[\"https:\\\/\\\/yourtravelxperts.com\\\/houston\\\/\"]}]},{\"@type\":\"BreadcrumbList\",\"@id\":\"https:\\\/\\\/yourtravelxperts.com\\\/houston\\\/#breadcrumb\",\"itemListElement\":[{\"@type\":\"ListItem\",\"position\":1,\"name\":\"Home\",\"item\":\"https:\\\/\\\/yourtravelxperts.com\\\/es\\\/\"},{\"@type\":\"ListItem\",\"position\":2,\"name\":\"Houston\"}]},{\"@type\":\"WebSite\",\"@id\":\"https:\\\/\\\/yourtravelxperts.com\\\/#website\",\"url\":\"https:\\\/\\\/yourtravelxperts.com\\\/\",\"name\":\"Travel Xperts\",\"description\":\"We are a tourism business based in Houston, Texas with over 20 years of experience in the industry.\",\"publisher\":{\"@id\":\"https:\\\/\\\/yourtravelxperts.com\\\/#organization\"},\"potentialAction\":[{\"@type\":\"SearchAction\",\"target\":{\"@type\":\"EntryPoint\",\"urlTemplate\":\"https:\\\/\\\/yourtravelxperts.com\\\/?s={search_term_string}\"},\"query-input\":{\"@type\":\"PropertyValueSpecification\",\"valueRequired\":true,\"valueName\":\"search_term_string\"}}],\"inLanguage\":\"es\"},{\"@type\":\"Organization\",\"@id\":\"https:\\\/\\\/yourtravelxperts.com\\\/#organization\",\"name\":\"Travel Xperts\",\"url\":\"https:\\\/\\\/yourtravelxperts.com\\\/\",\"logo\":{\"@type\":\"ImageObject\",\"inLanguage\":\"es\",\"@id\":\"https:\\\/\\\/yourtravelxperts.com\\\/#\\\/schema\\\/logo\\\/image\\\/\",\"url\":\"https:\\\/\\\/yourtravelxperts.com\\\/wp-content\\\/uploads\\\/2022\\\/09\\\/mobile.png\",\"contentUrl\":\"https:\\\/\\\/yourtravelxperts.com\\\/wp-content\\\/uploads\\\/2022\\\/09\\\/mobile.png\",\"width\":600,\"height\":200,\"caption\":\"Travel Xperts\"},\"image\":{\"@id\":\"https:\\\/\\\/yourtravelxperts.com\\\/#\\\/schema\\\/logo\\\/image\\\/\"},\"sameAs\":[\"https:\\\/\\\/www.facebook.com\\\/travelxpertsTX\\\/\"]}]}<\/script>\n<!-- \/ Yoast SEO plugin. -->","yoast_head_json":{"title":"Houston - Travel Xperts","robots":{"index":"index","follow":"follow","max-snippet":"max-snippet:-1","max-image-preview":"max-image-preview:large","max-video-preview":"max-video-preview:-1"},"canonical":"https:\/\/yourtravelxperts.com\/houston\/","og_locale":"es_ES","og_type":"article","og_title":"Houston - Travel Xperts","og_description":"[vc_row][vc_column][\/vc_column][\/vc_row][vc_row][vc_column][mk_padding_divider size=\u00bb75&#8243;][vc_custom_heading text=\u00bb\u00bfNEGOCIOS&#8230; PLACER&#8230; COMPRAS?\u00bb font_container=\u00bbtag:h2|font_size:50|text_align:center|color:%2300628f\u00bb google_fonts=\u00bbfont_family:Oswald%3A300%2Cregular%2C700|font_style:400%20regular%3A400%3Anormal\u00bb][vc_custom_heading text=\u00bbPERMITA A LOS XPERTOS MOSTRARLE LOS SITIOS M\u00c1S \u00a1SIMBOLICOS Y ATRACTIVOS DE HOUSTON!\u00bb font_container=\u00bbtag:h2|font_size:28|text_align:center|color:%2300628f\u00bb google_fonts=\u00bbfont_family:Oswald%3A300%2Cregular%2C700|font_style:400%20regular%3A400%3Anormal\u00bb][mk_padding_divider size=\u00bb75&#8243;][\/vc_column][\/vc_row][vc_row][vc_column][vc_column_text][\/vc_column_text][\/vc_column][\/vc_row][vc_row][vc_column width=\u00bb2\/3&#8243;][vc_column_text css=\u00bb.vc_custom_1668578546004{margin-bottom: 0px !important;}\u00bb] Tour 1 City Tour Adulto $45 Este recorrido dura seis (3) horas e incluye solo transportaci\u00f3n. Te mostrar\u00e1 los lugares m\u00e1s atractivos y simb\u00f3licos de Houston. Dentro de [&hellip;]","og_url":"https:\/\/yourtravelxperts.com\/houston\/","og_site_name":"Travel Xperts","article_publisher":"https:\/\/www.facebook.com\/travelxpertsTX\/","article_modified_time":"2022-11-17T12:39:46+00:00","twitter_card":"summary_large_image","twitter_misc":{"Tiempo de lectura":"3 minutos"},"schema":{"@context":"https:\/\/schema.org","@graph":[{"@type":"WebPage","@id":"https:\/\/yourtravelxperts.com\/houston\/","url":"https:\/\/yourtravelxperts.com\/houston\/","name":"Houston - Travel Xperts","isPartOf":{"@id":"https:\/\/yourtravelxperts.com\/#website"},"datePublished":"2015-10-28T02:27:33+00:00","dateModified":"2022-11-17T12:39:46+00:00","breadcrumb":{"@id":"https:\/\/yourtravelxperts.com\/houston\/#breadcrumb"},"inLanguage":"es","potentialAction":[{"@type":"ReadAction","target":["https:\/\/yourtravelxperts.com\/houston\/"]}]},{"@type":"BreadcrumbList","@id":"https:\/\/yourtravelxperts.com\/houston\/#breadcrumb","itemListElement":[{"@type":"ListItem","position":1,"name":"Home","item":"https:\/\/yourtravelxperts.com\/es\/"},{"@type":"ListItem","position":2,"name":"Houston"}]},{"@type":"WebSite","@id":"https:\/\/yourtravelxperts.com\/#website","url":"https:\/\/yourtravelxperts.com\/","name":"Travel Xperts","description":"We are a tourism business based in Houston, Texas with over 20 years of experience in the industry.","publisher":{"@id":"https:\/\/yourtravelxperts.com\/#organization"},"potentialAction":[{"@type":"SearchAction","target":{"@type":"EntryPoint","urlTemplate":"https:\/\/yourtravelxperts.com\/?s={search_term_string}"},"query-input":{"@type":"PropertyValueSpecification","valueRequired":true,"valueName":"search_term_string"}}],"inLanguage":"es"},{"@type":"Organization","@id":"https:\/\/yourtravelxperts.com\/#organization","name":"Travel Xperts","url":"https:\/\/yourtravelxperts.com\/","logo":{"@type":"ImageObject","inLanguage":"es","@id":"https:\/\/yourtravelxperts.com\/#\/schema\/logo\/image\/","url":"https:\/\/yourtravelxperts.com\/wp-content\/uploads\/2022\/09\/mobile.png","contentUrl":"https:\/\/yourtravelxperts.com\/wp-content\/uploads\/2022\/09\/mobile.png","width":600,"height":200,"caption":"Travel Xperts"},"image":{"@id":"https:\/\/yourtravelxperts.com\/#\/schema\/logo\/image\/"},"sameAs":["https:\/\/www.facebook.com\/travelxpertsTX\/"]}]}},"_links":{"self":[{"href":"https:\/\/yourtravelxperts.com\/es\/wp-json\/wp\/v2\/pages\/868","targetHints":{"allow":["GET"]}}],"collection":[{"href":"https:\/\/yourtravelxperts.com\/es\/wp-json\/wp\/v2\/pages"}],"about":[{"href":"https:\/\/yourtravelxperts.com\/es\/wp-json\/wp\/v2\/types\/page"}],"author":[{"embeddable":true,"href":"https:\/\/yourtravelxperts.com\/es\/wp-json\/wp\/v2\/users\/1"}],"replies":[{"embeddable":true,"href":"https:\/\/yourtravelxperts.com\/es\/wp-json\/wp\/v2\/comments?post=868"}],"version-history":[{"count":8,"href":"https:\/\/yourtravelxperts.com\/es\/wp-json\/wp\/v2\/pages\/868\/revisions"}],"predecessor-version":[{"id":1006,"href":"https:\/\/yourtravelxperts.com\/es\/wp-json\/wp\/v2\/pages\/868\/revisions\/1006"}],"wp:attachment":[{"href":"https:\/\/yourtravelxperts.com\/es\/wp-json\/wp\/v2\/media?parent=868"}],"curies":[{"name":"wp","href":"https:\/\/api.w.org\/{rel}","templated":true}]}}